{"id":286141,"date":"2025-02-24T13:02:55","date_gmt":"2025-02-24T16:02:55","guid":{"rendered":"https:\/\/www.trustedtranslations.com\/?page_id=286141"},"modified":"2025-02-26T11:44:00","modified_gmt":"2025-02-26T14:44:00","slug":"servicos-de-correcao-da-secao-508","status":"publish","type":"page","link":"https:\/\/www.trustedtranslations.com\/pt-br\/servicos\/humana\/acessibilidade\/servicos-de-correcao-da-secao-508","title":{"rendered":"Servi\u00e7os de corre\u00e7\u00e3o da Se\u00e7\u00e3o 508"},"content":{"rendered":"","protected":false},"excerpt":{"rendered":"","protected":false},"author":1,"featured_media":0,"parent":201525,"menu_order":0,"comment_status":"closed","ping_status":"closed","template":"","meta":{"site-sidebar-layout":"default","site-content-layout":"","ast-site-content-layout":"default","site-content-style":"default","site-sidebar-style":"default","ast-global-header-display":"","ast-banner-title-visibility":"","ast-main-header-display":"","ast-hfb-above-header-display":"","ast-hfb-below-header-display":"","ast-hfb-mobile-header-display":"","site-post-title":"","ast-breadcrumbs-content":"","ast-featured-img":"","footer-sml-layout":"","ast-disable-related-posts":"","theme-transparent-header-meta":"default","adv-header-id-meta":"","stick-header-meta":"","header-above-stick-meta":"","header-main-stick-meta":"","header-below-stick-meta":"","astra-migrate-meta-layouts":"set","ast-page-background-enabled":"default","ast-page-background-meta":{"desktop":{"background-color":"var(--ast-global-color-4)","background-image":"","background-repeat":"repeat","background-position":"center center","background-size":"auto","background-attachment":"scroll","background-type":"","background-media":"","overlay-type":"","overlay-color":"","overlay-opacity":"","overlay-gradient":""},"tablet":{"background-color":"","background-image":"","background-repeat":"repeat","background-position":"center center","background-size":"auto","background-attachment":"scroll","background-type":"","background-media":"","overlay-type":"","overlay-color":"","overlay-opacity":"","overlay-gradient":""},"mobile":{"background-color":"","background-image":"","background-repeat":"repeat","background-position":"center center","background-size":"auto","background-attachment":"scroll","background-type":"","background-media":"","overlay-type":"","overlay-color":"","overlay-opacity":"","overlay-gradient":""}},"ast-content-background-meta":{"desktop":{"background-color":"var(--ast-global-color-5)","background-image":"","background-repeat":"repeat","background-position":"center center","background-size":"auto","background-attachment":"scroll","background-type":"","background-media":"","overlay-type":"","overlay-color":"","overlay-opacity":"","overlay-gradient":""},"tablet":{"background-color":"var(--ast-global-color-5)","background-image":"","background-repeat":"repeat","background-position":"center center","background-size":"auto","background-attachment":"scroll","background-type":"","background-media":"","overlay-type":"","overlay-color":"","overlay-opacity":"","overlay-gradient":""},"mobile":{"background-color":"var(--ast-global-color-5)","background-image":"","background-repeat":"repeat","background-position":"center center","background-size":"auto","background-attachment":"scroll","background-type":"","background-media":"","overlay-type":"","overlay-color":"","overlay-opacity":"","overlay-gradient":""}},"footnotes":""},"class_list":["post-286141","page","type-page","status-publish","hentry"],"yoast_head":"<!-- This site is optimized with the Yoast SEO plugin v27.3 - https:\/\/yoast.com\/product\/yoast-seo-wordpress\/ -->\n<title>Servi\u00e7os de corre\u00e7\u00e3o da Se\u00e7\u00e3o 508 | Trusted Translations<\/title>\n<meta name=\"description\" content=\"Garanta a inclus\u00e3o e evite riscos legais com os servi\u00e7os de corre\u00e7\u00e3o da Se\u00e7\u00e3o 508 da Trusted Translations. Solu\u00e7\u00f5es especializadas para acessibilidade de documentos e conformidade com as WCAG.\" \/>\n<meta name=\"robots\" content=\"index, follow, max-snippet:-1, max-image-preview:large, max-video-preview:-1\" \/>\n<link rel=\"canonical\" href=\"https:\/\/www.trustedtranslations.com\/pt-br\/servicos\/humana\/acessibilidade\/servicos-de-correcao-da-secao-508\" \/>\n<meta property=\"og:locale\" content=\"pt_BR\" \/>\n<meta property=\"og:type\" content=\"article\" \/>\n<meta property=\"og:title\" content=\"Servi\u00e7os de corre\u00e7\u00e3o da Se\u00e7\u00e3o 508 | Trusted Translations\" \/>\n<meta property=\"og:description\" content=\"Garanta a inclus\u00e3o e evite riscos legais com os servi\u00e7os de corre\u00e7\u00e3o da Se\u00e7\u00e3o 508 da Trusted Translations. Solu\u00e7\u00f5es especializadas para acessibilidade de documentos e conformidade com as WCAG.\" \/>\n<meta property=\"og:url\" content=\"https:\/\/www.trustedtranslations.com\/pt-br\/servicos\/humana\/acessibilidade\/servicos-de-correcao-da-secao-508\" \/>\n<meta property=\"og:site_name\" content=\"Trusted Translations, Inc.\" \/>\n<meta property=\"article:publisher\" content=\"https:\/\/www.facebook.com\/Trusted.Translations\" \/>\n<meta property=\"article:modified_time\" content=\"2025-02-26T14:44:00+00:00\" \/>\n<meta property=\"og:image\" content=\"https:\/\/www.trustedtranslations.com\/wp-content\/uploads\/2022\/06\/tt-logo-2-1.webp\" \/>\n\t<meta property=\"og:image:width\" content=\"216\" \/>\n\t<meta property=\"og:image:height\" content=\"94\" \/>\n\t<meta property=\"og:image:type\" content=\"image\/webp\" \/>\n<meta name=\"twitter:card\" content=\"summary_large_image\" \/>\n<meta name=\"twitter:site\" content=\"@TrustedT9ns\" \/>\n<script type=\"application\/ld+json\" class=\"yoast-schema-graph\">{\"@context\":\"https:\\\/\\\/schema.org\",\"@graph\":[{\"@type\":\"WebPage\",\"@id\":\"https:\\\/\\\/www.trustedtranslations.com\\\/pt-br\\\/servicos\\\/humana\\\/acessibilidade\\\/servicos-de-correcao-da-secao-508\",\"url\":\"https:\\\/\\\/www.trustedtranslations.com\\\/pt-br\\\/servicos\\\/humana\\\/acessibilidade\\\/servicos-de-correcao-da-secao-508\",\"name\":\"Servi\u00e7os de corre\u00e7\u00e3o da Se\u00e7\u00e3o 508 | Trusted Translations\",\"isPartOf\":{\"@id\":\"https:\\\/\\\/www.trustedtranslations.com\\\/pt-br\\\/#website\"},\"description\":\"Garanta a inclus\u00e3o e evite riscos legais com os servi\u00e7os de corre\u00e7\u00e3o da Se\u00e7\u00e3o 508 da Trusted Translations. Solu\u00e7\u00f5es especializadas para acessibilidade de documentos e conformidade com as WCAG.\",\"breadcrumb\":{\"@id\":\"https:\\\/\\\/www.trustedtranslations.com\\\/pt-br\\\/servicos\\\/humana\\\/acessibilidade\\\/servicos-de-correcao-da-secao-508#breadcrumb\"},\"inLanguage\":\"pt-BR\",\"potentialAction\":[{\"@type\":\"ReadAction\",\"target\":[\"https:\\\/\\\/www.trustedtranslations.com\\\/pt-br\\\/servicos\\\/humana\\\/acessibilidade\\\/servicos-de-correcao-da-secao-508\"]}]},{\"@type\":\"BreadcrumbList\",\"@id\":\"https:\\\/\\\/www.trustedtranslations.com\\\/pt-br\\\/servicos\\\/humana\\\/acessibilidade\\\/servicos-de-correcao-da-secao-508#breadcrumb\",\"itemListElement\":[{\"@type\":\"ListItem\",\"position\":1,\"name\":\"Home\",\"item\":\"https:\\\/\\\/www.trustedtranslations.com\\\/pt-br\"},{\"@type\":\"ListItem\",\"position\":2,\"name\":\"Servi\u00e7os\",\"item\":\"https:\\\/\\\/www.trustedtranslations.com\\\/pt-br\\\/servicos\"},{\"@type\":\"ListItem\",\"position\":3,\"name\":\"Tradu\u00e7\u00e3o humana\",\"item\":\"https:\\\/\\\/www.trustedtranslations.com\\\/pt-br\\\/servicos\\\/humana\"},{\"@type\":\"ListItem\",\"position\":4,\"name\":\"Acessibilidade\",\"item\":\"https:\\\/\\\/www.trustedtranslations.com\\\/pt-br\\\/servicos\\\/humana\\\/acessibilidade\"},{\"@type\":\"ListItem\",\"position\":5,\"name\":\"Servi\u00e7os de corre\u00e7\u00e3o da Se\u00e7\u00e3o 508\"}]},{\"@type\":\"WebSite\",\"@id\":\"https:\\\/\\\/www.trustedtranslations.com\\\/pt-br\\\/#website\",\"url\":\"https:\\\/\\\/www.trustedtranslations.com\\\/pt-br\\\/\",\"name\":\"Trusted Translations, Inc.\",\"description\":\"Leader in translation and interpretation services.\",\"publisher\":{\"@id\":\"https:\\\/\\\/www.trustedtranslations.com\\\/pt-br\\\/#organization\"},\"alternateName\":\"Trusted Translations\",\"potentialAction\":[{\"@type\":\"SearchAction\",\"target\":{\"@type\":\"EntryPoint\",\"urlTemplate\":\"https:\\\/\\\/www.trustedtranslations.com\\\/pt-br\\\/?s={search_term_string}\"},\"query-input\":{\"@type\":\"PropertyValueSpecification\",\"valueRequired\":true,\"valueName\":\"search_term_string\"}}],\"inLanguage\":\"pt-BR\"},{\"@type\":\"Organization\",\"@id\":\"https:\\\/\\\/www.trustedtranslations.com\\\/pt-br\\\/#organization\",\"name\":\"Trusted Translations\",\"alternateName\":\"Trusted Translations, Inc.\",\"url\":\"https:\\\/\\\/www.trustedtranslations.com\\\/pt-br\\\/\",\"logo\":{\"@type\":\"ImageObject\",\"inLanguage\":\"pt-BR\",\"@id\":\"https:\\\/\\\/www.trustedtranslations.com\\\/pt-br\\\/#\\\/schema\\\/logo\\\/image\\\/\",\"url\":\"https:\\\/\\\/static.trustedtranslations.com\\\/wp-content\\\/uploads\\\/2022\\\/01\\\/TT_logo_WSIColors-2.png\",\"contentUrl\":\"https:\\\/\\\/static.trustedtranslations.com\\\/wp-content\\\/uploads\\\/2022\\\/01\\\/TT_logo_WSIColors-2.png\",\"width\":500,\"height\":196,\"caption\":\"Trusted Translations\"},\"image\":{\"@id\":\"https:\\\/\\\/www.trustedtranslations.com\\\/pt-br\\\/#\\\/schema\\\/logo\\\/image\\\/\"},\"sameAs\":[\"https:\\\/\\\/www.facebook.com\\\/Trusted.Translations\",\"https:\\\/\\\/x.com\\\/TrustedT9ns\",\"https:\\\/\\\/www.linkedin.com\\\/company\\\/trusted-translations\"]}]}<\/script>\n<!-- \/ Yoast SEO plugin. -->","yoast_head_json":{"title":"Servi\u00e7os de corre\u00e7\u00e3o da Se\u00e7\u00e3o 508 | Trusted Translations","description":"Garanta a inclus\u00e3o e evite riscos legais com os servi\u00e7os de corre\u00e7\u00e3o da Se\u00e7\u00e3o 508 da Trusted Translations. Solu\u00e7\u00f5es especializadas para acessibilidade de documentos e conformidade com as WCAG.","robots":{"index":"index","follow":"follow","max-snippet":"max-snippet:-1","max-image-preview":"max-image-preview:large","max-video-preview":"max-video-preview:-1"},"canonical":"https:\/\/www.trustedtranslations.com\/pt-br\/servicos\/humana\/acessibilidade\/servicos-de-correcao-da-secao-508","og_locale":"pt_BR","og_type":"article","og_title":"Servi\u00e7os de corre\u00e7\u00e3o da Se\u00e7\u00e3o 508 | Trusted Translations","og_description":"Garanta a inclus\u00e3o e evite riscos legais com os servi\u00e7os de corre\u00e7\u00e3o da Se\u00e7\u00e3o 508 da Trusted Translations. Solu\u00e7\u00f5es especializadas para acessibilidade de documentos e conformidade com as WCAG.","og_url":"https:\/\/www.trustedtranslations.com\/pt-br\/servicos\/humana\/acessibilidade\/servicos-de-correcao-da-secao-508","og_site_name":"Trusted Translations, Inc.","article_publisher":"https:\/\/www.facebook.com\/Trusted.Translations","article_modified_time":"2025-02-26T14:44:00+00:00","og_image":[{"width":216,"height":94,"url":"https:\/\/www.trustedtranslations.com\/wp-content\/uploads\/2022\/06\/tt-logo-2-1.webp","type":"image\/webp"}],"twitter_card":"summary_large_image","twitter_site":"@TrustedT9ns","schema":{"@context":"https:\/\/schema.org","@graph":[{"@type":"WebPage","@id":"https:\/\/www.trustedtranslations.com\/pt-br\/servicos\/humana\/acessibilidade\/servicos-de-correcao-da-secao-508","url":"https:\/\/www.trustedtranslations.com\/pt-br\/servicos\/humana\/acessibilidade\/servicos-de-correcao-da-secao-508","name":"Servi\u00e7os de corre\u00e7\u00e3o da Se\u00e7\u00e3o 508 | Trusted Translations","isPartOf":{"@id":"https:\/\/www.trustedtranslations.com\/pt-br\/#website"},"description":"Garanta a inclus\u00e3o e evite riscos legais com os servi\u00e7os de corre\u00e7\u00e3o da Se\u00e7\u00e3o 508 da Trusted Translations. Solu\u00e7\u00f5es especializadas para acessibilidade de documentos e conformidade com as WCAG.","breadcrumb":{"@id":"https:\/\/www.trustedtranslations.com\/pt-br\/servicos\/humana\/acessibilidade\/servicos-de-correcao-da-secao-508#breadcrumb"},"inLanguage":"pt-BR","potentialAction":[{"@type":"ReadAction","target":["https:\/\/www.trustedtranslations.com\/pt-br\/servicos\/humana\/acessibilidade\/servicos-de-correcao-da-secao-508"]}]},{"@type":"BreadcrumbList","@id":"https:\/\/www.trustedtranslations.com\/pt-br\/servicos\/humana\/acessibilidade\/servicos-de-correcao-da-secao-508#breadcrumb","itemListElement":[{"@type":"ListItem","position":1,"name":"Home","item":"https:\/\/www.trustedtranslations.com\/pt-br"},{"@type":"ListItem","position":2,"name":"Servi\u00e7os","item":"https:\/\/www.trustedtranslations.com\/pt-br\/servicos"},{"@type":"ListItem","position":3,"name":"Tradu\u00e7\u00e3o humana","item":"https:\/\/www.trustedtranslations.com\/pt-br\/servicos\/humana"},{"@type":"ListItem","position":4,"name":"Acessibilidade","item":"https:\/\/www.trustedtranslations.com\/pt-br\/servicos\/humana\/acessibilidade"},{"@type":"ListItem","position":5,"name":"Servi\u00e7os de corre\u00e7\u00e3o da Se\u00e7\u00e3o 508"}]},{"@type":"WebSite","@id":"https:\/\/www.trustedtranslations.com\/pt-br\/#website","url":"https:\/\/www.trustedtranslations.com\/pt-br\/","name":"Trusted Translations, Inc.","description":"Leader in translation and interpretation services.","publisher":{"@id":"https:\/\/www.trustedtranslations.com\/pt-br\/#organization"},"alternateName":"Trusted Translations","potentialAction":[{"@type":"SearchAction","target":{"@type":"EntryPoint","urlTemplate":"https:\/\/www.trustedtranslations.com\/pt-br\/?s={search_term_string}"},"query-input":{"@type":"PropertyValueSpecification","valueRequired":true,"valueName":"search_term_string"}}],"inLanguage":"pt-BR"},{"@type":"Organization","@id":"https:\/\/www.trustedtranslations.com\/pt-br\/#organization","name":"Trusted Translations","alternateName":"Trusted Translations, Inc.","url":"https:\/\/www.trustedtranslations.com\/pt-br\/","logo":{"@type":"ImageObject","inLanguage":"pt-BR","@id":"https:\/\/www.trustedtranslations.com\/pt-br\/#\/schema\/logo\/image\/","url":"https:\/\/static.trustedtranslations.com\/wp-content\/uploads\/2022\/01\/TT_logo_WSIColors-2.png","contentUrl":"https:\/\/static.trustedtranslations.com\/wp-content\/uploads\/2022\/01\/TT_logo_WSIColors-2.png","width":500,"height":196,"caption":"Trusted Translations"},"image":{"@id":"https:\/\/www.trustedtranslations.com\/pt-br\/#\/schema\/logo\/image\/"},"sameAs":["https:\/\/www.facebook.com\/Trusted.Translations","https:\/\/x.com\/TrustedT9ns","https:\/\/www.linkedin.com\/company\/trusted-translations"]}]}},"toolset-meta":{"dyk":{"mensaje-1":{"type":"textfield","raw":"A Trusted Translations garante a conformidade com a Se\u00e7\u00e3o 508 para mais de 20 formatos digitais, incluindo PDFs, documentos do Word e sites."},"mensaje-2":{"type":"textfield","raw":"Nossos servi\u00e7os de corre\u00e7\u00e3o da Se\u00e7\u00e3o 508 s\u00e3o respaldados por processos de qualidade certificados pela ISO para garantir precis\u00e3o e conformidade."},"mensaje-3":{"type":"textfield","raw":"A conformidade com a Se\u00e7\u00e3o 508 n\u00e3o apenas evita riscos jur\u00eddicos, mas tamb\u00e9m melhora a experi\u00eancia do usu\u00e1rio para todos os p\u00fablicos."},"mensaje-4":{"type":"textfield","raw":"A Trusted Translations usa uma combina\u00e7\u00e3o de t\u00e9cnicas manuais e automatizadas para garantir 100% de precis\u00e3o na conformidade com a Se\u00e7\u00e3o 508."},"mensaje-5":{"type":"textfield","raw":""},"mensaje-6":{"type":"textfield","raw":""}},"single-page-template-fields":{"imgs-temp":{"type":"image","raw":["https:\/\/static.trustedtranslations.com\/wp-content\/uploads\/2025\/01\/508-DESK-1.webp"],"repeatable":[{"raw":"https:\/\/static.trustedtranslations.com\/wp-content\/uploads\/2025\/01\/508-DESK-1.webp"}]},"imgs-temp-cel":{"type":"image","raw":[""],"repeatable":[{"raw":""}]},"img-temp-one-cel":{"type":"image","raw":"","attachment_id":null},"quotes":{"type":"textarea","raw":"<h1 style=\"margin-bottom: 12px;\">Servi\u00e7os de corre\u00e7\u00e3o da Se\u00e7\u00e3o 508 para conformidade total com a acessibilidade <\/h1>Na Trusted Translations, oferecemos servi\u00e7os especializados de corre\u00e7\u00e3o da Se\u00e7\u00e3o 508 para garantir que seu conte\u00fado digital esteja acess\u00edvel a todos. Sejam documentos, sites ou multim\u00eddia, nossas solu\u00e7\u00f5es abrangentes garantem a conformidade com as leis de acessibilidade e, ao mesmo tempo, melhoram a usabilidade para pessoas com defici\u00eancia. Deixe-nos ajud\u00e1-lo(a) a atender aos padr\u00f5es da Se\u00e7\u00e3o 508 de forma eficiente e pr\u00e1tica, promovendo a inclus\u00e3o e mitigando riscos legais.<div style=\"margin-top: 2.5vw;\"><a class=\"tt-btn-main-cta\" href=\"\/pt-br\/solicitud-orcamento\">Solicite um or\u00e7amento gratuito<\/a><\/div>"},"text-1":{"type":"textarea","raw":"<h2 style=\"margin-top: -10px;\">O que s\u00e3o os servi\u00e7os de corre\u00e7\u00e3o da Se\u00e7\u00e3o 508?<\/h2>Os servi\u00e7os de corre\u00e7\u00e3o da Se\u00e7\u00e3o 508 garantem que os conte\u00fados digitais estejam acess\u00edveis a indiv\u00edduos com defici\u00eancia, obedecendo os requisitos da Se\u00e7\u00e3o 508 da Lei de Reabilita\u00e7\u00e3o. Essa lei americana determina que todas as ag\u00eancias federais e empresas contratadas pelo governo forne\u00e7am informa\u00e7\u00f5es digitais acess\u00edveis, permitindo que usu\u00e1rios de tecnologias assistivas, como leitores de tela, interajam perfeitamente com o conte\u00fado. \r\n\r\nA corre\u00e7\u00e3o da se\u00e7\u00e3o 508 se concentra na adapta\u00e7\u00e3o de v\u00e1rios formatos digitais \u2014 incluindo PDFs, documentos do Word, apresenta\u00e7\u00f5es do PowerPoint e sites \u2014 para estarem em conformidade com as Diretrizes de Acessibilidade de Conte\u00fado da Web (Web Content Accessibility Guidelines, WCAG) e outras normas. Esses ajustes garantem inclus\u00e3o e usabilidade para pessoas com defici\u00eancias visuais, auditivas ou cognitivas.\r\n\r\n<h2 style=\"margin-top: -10px;\">Quem se beneficia da conformidade com a Se\u00e7\u00e3o 508?<\/h2>\r\n\r\n<h3>Os servi\u00e7os de corre\u00e7\u00e3o da se\u00e7\u00e3o 508 beneficiam uma ampla gama de setores e organiza\u00e7\u00f5es:<\/h3>\r\n<ul>\r\n    <li><strong>Ag\u00eancias do governo:<\/strong> Garantir a conformidade legal para toda a documenta\u00e7\u00e3o digital.<\/li>\r\n    <li><strong>Institui\u00e7\u00f5es educacionais:<\/strong> Criar ambientes de aprendizagem inclusivos para alunos de todas as habilidades. <\/li>\r\n    <li><strong>Prestadores de cuidados de sa\u00fade:<\/strong> Melhorar a acessibilidade para pacientes com defici\u00eancias que acessam registros m\u00e9dicos e recursos on-line. <\/li>\r\n    <li><strong>Setor corporativo:<\/strong> Fortalecer a reputa\u00e7\u00e3o da marca e melhorar a experi\u00eancia do usu\u00e1rio adotando a inclus\u00e3o. <\/li>\r\n<\/ul>\r\n\r\n<h2 style=\"margin-top: -10px;\">Por que a conformidade com a Se\u00e7\u00e3o 508 \u00e9 essencial?<\/h2>\r\n\r\nA n\u00e3o conformidade com a Se\u00e7\u00e3o 508 pode resultar em penalidades, riscos jur\u00eddicos e danos \u00e0 reputa\u00e7\u00e3o. Mais importante ainda, a corre\u00e7\u00e3o garante que indiv\u00edduos com defici\u00eancias possam participar plenamente do cen\u00e1rio digital atual, promovendo inclus\u00e3o e acesso igualit\u00e1rio \u00e0 informa\u00e7\u00e3o.\r\n\r\n<h3>Principais benef\u00edcios da conformidade com a se\u00e7\u00e3o 508:<\/h3>\r\n<ul>\r\n    <li><strong>Garantir a inclus\u00e3o:<\/strong> Tornar o conte\u00fado acess\u00edvel a todos, independentemente da capacidade. <\/li>\r\n    <li><strong>Evitar riscos jur\u00eddicos:<\/strong> Reduzir o risco de a\u00e7\u00f5es judiciais e penalidades pela n\u00e3o conformidade. <\/li>\r\n    <li><strong>Melhorar a experi\u00eancia do usu\u00e1rio:<\/strong> Melhorar a usabilidade para todos os p\u00fablicos, incluindo aqueles que dependem de tecnologias assistivas. <\/li>\r\n<\/ul>"},"shortcode-map":{"type":"textfield","raw":""},"dyk-shortcode":{"type":"textfield","raw":"[elementor-template id=\"147273\"]"},"text-2":{"type":"textarea","raw":"<h2>Nosso abrangente processo de corre\u00e7\u00e3o da se\u00e7\u00e3o 508<\/h2>Na Trusted Translations, oferecemos solu\u00e7\u00f5es personalizadas para atender \u00e0s suas necessidades de conformidade. Nosso processo inclui:\r\n<ul>\r\n    <li><strong>Avalia\u00e7\u00e3o:<\/strong> Avaliamos seus documentos e ativos digitais existentes para identificar falhas de acessibilidade.<\/li>\r\n    <li><strong>Corre\u00e7\u00e3o:<\/strong> Usando uma combina\u00e7\u00e3o de t\u00e9cnicas manuais e automatizadas, ajustamos os documentos para total conformidade com as normas da Se\u00e7\u00e3o 508 e com as diretrizes das WCAG 2.1. <\/li>\r\n    <li><strong>Controle de qualidade:<\/strong> Nossos especialistas realizam testes completos para garantir a compatibilidade com tecnologias assistivas, como leitores de tela.<\/li>\r\n    <li><strong>Certifica\u00e7\u00e3o e entrega:<\/strong> Ap\u00f3s a conclus\u00e3o, fornecemos arquivos acess\u00edveis e certificamos a conformidade, dando a voc\u00ea tranquilidade.<\/li>\r\n<\/ul>\r\nEsse fluxo de trabalho estruturado garante resultados precisos e eficientes, n\u00e3o importando a complexidade do seu conte\u00fado.\r\n\r\n<h2>Por que escolher a Trusted Translations para servi\u00e7os de corre\u00e7\u00e3o da se\u00e7\u00e3o 508?<\/h2>\r\n\r\nA Trusted Translations est\u00e1 exclusivamente equipada para atender \u00e0s suas necessidades de acessibilidade. Nossas certifica\u00e7\u00f5es e ampla experi\u00eancia no setor nos diferenciam dos concorrentes:\r\n<ul>\r\n    <li><strong>Experi\u00eancia certificada:<\/strong> Apoiados por certifica\u00e7\u00f5es ISO, aderimos aos mais altos padr\u00f5es de qualidade.<\/li>\r\n    <li><strong>Solu\u00e7\u00f5es flex\u00edveis:<\/strong> Oferecemos op\u00e7\u00f5es de corre\u00e7\u00e3o manual, automatizada ou h\u00edbrida para atender \u00e0s suas necessidades e or\u00e7amento.<\/li>\r\n    <li><strong>Capacidades multil\u00edngues:<\/strong> Garantimos acessibilidade em v\u00e1rios idiomas, tornando seu conte\u00fado globalmente inclusivo. <\/li>\r\n    <li><strong>Hist\u00f3rico aprovado:<\/strong> Com a confian\u00e7a das principais organiza\u00e7\u00f5es, nossos depoimentos demonstram nossa capacidade de entregar resultados excepcionais.<\/li>\r\n<\/ul>\r\n\r\n<h2>Solicite hoje mesmo seu or\u00e7amento gratuito <\/h2>\r\nNavegar pelas regulamenta\u00e7\u00f5es de acessibilidade exige precis\u00e3o e experi\u00eancia. A Trusted Translations oferece servi\u00e7os abrangentes de corre\u00e7\u00e3o para ajudar voc\u00ea a atender a todos os requisitos da Se\u00e7\u00e3o 508. \r\n\r\n<strong>Obtenha seu <a href=\"\/pt-br\/solicitud-orcamento\">or\u00e7amento gratuito<\/a> hoje mesmo<\/strong> e garanta que seu conte\u00fado esteja acess\u00edvel e compat\u00edvel!"},"state":{"type":"textfield","raw":""},"city":{"type":"textarea","raw":[""]}}},"_links":{"self":[{"href":"https:\/\/www.trustedtranslations.com\/pt-br\/wp-json\/wp\/v2\/pages\/286141","targetHints":{"allow":["GET"]}}],"collection":[{"href":"https:\/\/www.trustedtranslations.com\/pt-br\/wp-json\/wp\/v2\/pages"}],"about":[{"href":"https:\/\/www.trustedtranslations.com\/pt-br\/wp-json\/wp\/v2\/types\/page"}],"author":[{"embeddable":true,"href":"https:\/\/www.trustedtranslations.com\/pt-br\/wp-json\/wp\/v2\/users\/1"}],"replies":[{"embeddable":true,"href":"https:\/\/www.trustedtranslations.com\/pt-br\/wp-json\/wp\/v2\/comments?post=286141"}],"version-history":[{"count":0,"href":"https:\/\/www.trustedtranslations.com\/pt-br\/wp-json\/wp\/v2\/pages\/286141\/revisions"}],"up":[{"embeddable":true,"href":"https:\/\/www.trustedtranslations.com\/pt-br\/wp-json\/wp\/v2\/pages\/201525"}],"wp:attachment":[{"href":"https:\/\/www.trustedtranslations.com\/pt-br\/wp-json\/wp\/v2\/media?parent=286141"}],"curies":[{"name":"wp","href":"https:\/\/api.w.org\/{rel}","templated":true}]}}