{"id":294131,"date":"2026-03-12T12:02:11","date_gmt":"2026-03-12T15:02:11","guid":{"rendered":"https:\/\/www.trustedtranslations.com\/?page_id=294131"},"modified":"2026-03-27T14:57:29","modified_gmt":"2026-03-27T17:57:29","slug":"servicos-de-legendagem","status":"publish","type":"page","link":"https:\/\/www.trustedtranslations.com\/pt-br\/servicos\/servicos-de-pos-producao-de-midia\/servicos-de-legendagem","title":{"rendered":"Servi\u00e7os de legendagem"},"content":{"rendered":"","protected":false},"excerpt":{"rendered":"","protected":false},"author":1,"featured_media":261644,"parent":294101,"menu_order":0,"comment_status":"closed","ping_status":"closed","template":"","meta":{"site-sidebar-layout":"default","site-content-layout":"","ast-site-content-layout":"default","site-content-style":"default","site-sidebar-style":"default","ast-global-header-display":"","ast-banner-title-visibility":"","ast-main-header-display":"","ast-hfb-above-header-display":"","ast-hfb-below-header-display":"","ast-hfb-mobile-header-display":"","site-post-title":"","ast-breadcrumbs-content":"","ast-featured-img":"","footer-sml-layout":"","ast-disable-related-posts":"","theme-transparent-header-meta":"default","adv-header-id-meta":"","stick-header-meta":"","header-above-stick-meta":"","header-main-stick-meta":"","header-below-stick-meta":"","astra-migrate-meta-layouts":"set","ast-page-background-enabled":"default","ast-page-background-meta":{"desktop":{"background-color":"var(--ast-global-color-4)","background-image":"","background-repeat":"repeat","background-position":"center center","background-size":"auto","background-attachment":"scroll","background-type":"","background-media":"","overlay-type":"","overlay-color":"","overlay-opacity":"","overlay-gradient":""},"tablet":{"background-color":"","background-image":"","background-repeat":"repeat","background-position":"center center","background-size":"auto","background-attachment":"scroll","background-type":"","background-media":"","overlay-type":"","overlay-color":"","overlay-opacity":"","overlay-gradient":""},"mobile":{"background-color":"","background-image":"","background-repeat":"repeat","background-position":"center center","background-size":"auto","background-attachment":"scroll","background-type":"","background-media":"","overlay-type":"","overlay-color":"","overlay-opacity":"","overlay-gradient":""}},"ast-content-background-meta":{"desktop":{"background-color":"var(--ast-global-color-5)","background-image":"","background-repeat":"repeat","background-position":"center center","background-size":"auto","background-attachment":"scroll","background-type":"","background-media":"","overlay-type":"","overlay-color":"","overlay-opacity":"","overlay-gradient":""},"tablet":{"background-color":"var(--ast-global-color-5)","background-image":"","background-repeat":"repeat","background-position":"center center","background-size":"auto","background-attachment":"scroll","background-type":"","background-media":"","overlay-type":"","overlay-color":"","overlay-opacity":"","overlay-gradient":""},"mobile":{"background-color":"var(--ast-global-color-5)","background-image":"","background-repeat":"repeat","background-position":"center center","background-size":"auto","background-attachment":"scroll","background-type":"","background-media":"","overlay-type":"","overlay-color":"","overlay-opacity":"","overlay-gradient":""}},"footnotes":""},"class_list":["post-294131","page","type-page","status-publish","has-post-thumbnail","hentry"],"yoast_head":"<!-- This site is optimized with the Yoast SEO plugin v27.5 - https:\/\/yoast.com\/product\/yoast-seo-wordpress\/ -->\n<title>Servi\u00e7os de legendagem - Trusted Translations, Inc.<\/title>\n<meta name=\"robots\" content=\"index, follow, max-snippet:-1, max-image-preview:large, max-video-preview:-1\" \/>\n<link rel=\"canonical\" href=\"https:\/\/www.trustedtranslations.com\/pt-br\/servicos\/servicos-de-pos-producao-de-midia\/servicos-de-legendagem\" \/>\n<meta property=\"og:locale\" content=\"pt_BR\" \/>\n<meta property=\"og:type\" content=\"article\" \/>\n<meta property=\"og:title\" content=\"Servi\u00e7os de legendagem - Trusted Translations, Inc.\" \/>\n<meta property=\"og:url\" content=\"https:\/\/www.trustedtranslations.com\/pt-br\/servicos\/servicos-de-pos-producao-de-midia\/servicos-de-legendagem\" \/>\n<meta property=\"og:site_name\" content=\"Trusted Translations, Inc.\" \/>\n<meta property=\"article:publisher\" content=\"https:\/\/www.facebook.com\/Trusted.Translations\" \/>\n<meta property=\"article:modified_time\" content=\"2026-03-27T17:57:29+00:00\" \/>\n<meta property=\"og:image\" content=\"https:\/\/www.trustedtranslations.com\/wp-content\/uploads\/2024\/06\/TT-ICON_Native-Spanish-Translati-1.webp\" \/>\n\t<meta property=\"og:image:width\" content=\"151\" \/>\n\t<meta property=\"og:image:height\" content=\"151\" \/>\n\t<meta property=\"og:image:type\" content=\"image\/webp\" \/>\n<meta name=\"twitter:card\" content=\"summary_large_image\" \/>\n<meta name=\"twitter:site\" content=\"@TrustedT9ns\" \/>\n<script type=\"application\/ld+json\" class=\"yoast-schema-graph\">{\"@context\":\"https:\\\/\\\/schema.org\",\"@graph\":[{\"@type\":\"WebPage\",\"@id\":\"https:\\\/\\\/www.trustedtranslations.com\\\/pt-br\\\/servicos\\\/servicos-de-pos-producao-de-midia\\\/servicos-de-legendagem\",\"url\":\"https:\\\/\\\/www.trustedtranslations.com\\\/pt-br\\\/servicos\\\/servicos-de-pos-producao-de-midia\\\/servicos-de-legendagem\",\"name\":\"Servi\u00e7os de legendagem - Trusted Translations, Inc.\",\"isPartOf\":{\"@id\":\"https:\\\/\\\/www.trustedtranslations.com\\\/pt-br\\\/#website\"},\"primaryImageOfPage\":{\"@id\":\"https:\\\/\\\/www.trustedtranslations.com\\\/pt-br\\\/servicos\\\/servicos-de-pos-producao-de-midia\\\/servicos-de-legendagem#primaryimage\"},\"image\":{\"@id\":\"https:\\\/\\\/www.trustedtranslations.com\\\/pt-br\\\/servicos\\\/servicos-de-pos-producao-de-midia\\\/servicos-de-legendagem#primaryimage\"},\"thumbnailUrl\":\"https:\\\/\\\/www.trustedtranslations.com\\\/wp-content\\\/uploads\\\/2024\\\/06\\\/TT-ICON_Native-Spanish-Translati-1.webp\",\"breadcrumb\":{\"@id\":\"https:\\\/\\\/www.trustedtranslations.com\\\/pt-br\\\/servicos\\\/servicos-de-pos-producao-de-midia\\\/servicos-de-legendagem#breadcrumb\"},\"inLanguage\":\"pt-BR\",\"potentialAction\":[{\"@type\":\"ReadAction\",\"target\":[\"https:\\\/\\\/www.trustedtranslations.com\\\/pt-br\\\/servicos\\\/servicos-de-pos-producao-de-midia\\\/servicos-de-legendagem\"]}]},{\"@type\":\"ImageObject\",\"inLanguage\":\"pt-BR\",\"@id\":\"https:\\\/\\\/www.trustedtranslations.com\\\/pt-br\\\/servicos\\\/servicos-de-pos-producao-de-midia\\\/servicos-de-legendagem#primaryimage\",\"url\":\"https:\\\/\\\/www.trustedtranslations.com\\\/wp-content\\\/uploads\\\/2024\\\/06\\\/TT-ICON_Native-Spanish-Translati-1.webp\",\"contentUrl\":\"https:\\\/\\\/www.trustedtranslations.com\\\/wp-content\\\/uploads\\\/2024\\\/06\\\/TT-ICON_Native-Spanish-Translati-1.webp\",\"width\":151,\"height\":151,\"caption\":\"TT ICON Native Spanish Translati 1\"},{\"@type\":\"BreadcrumbList\",\"@id\":\"https:\\\/\\\/www.trustedtranslations.com\\\/pt-br\\\/servicos\\\/servicos-de-pos-producao-de-midia\\\/servicos-de-legendagem#breadcrumb\",\"itemListElement\":[{\"@type\":\"ListItem\",\"position\":1,\"name\":\"Home\",\"item\":\"https:\\\/\\\/www.trustedtranslations.com\\\/pt-br\"},{\"@type\":\"ListItem\",\"position\":2,\"name\":\"Servi\u00e7os\",\"item\":\"https:\\\/\\\/www.trustedtranslations.com\\\/pt-br\\\/servicos\"},{\"@type\":\"ListItem\",\"position\":3,\"name\":\"Servi\u00e7os de p\u00f3s-produ\u00e7\u00e3o de m\u00eddia\",\"item\":\"https:\\\/\\\/www.trustedtranslations.com\\\/pt-br\\\/servicos\\\/servicos-de-pos-producao-de-midia\"},{\"@type\":\"ListItem\",\"position\":4,\"name\":\"Servi\u00e7os de legendagem\"}]},{\"@type\":\"WebSite\",\"@id\":\"https:\\\/\\\/www.trustedtranslations.com\\\/pt-br\\\/#website\",\"url\":\"https:\\\/\\\/www.trustedtranslations.com\\\/pt-br\\\/\",\"name\":\"Trusted Translations, Inc.\",\"description\":\"Leader in translation and interpretation services.\",\"publisher\":{\"@id\":\"https:\\\/\\\/www.trustedtranslations.com\\\/pt-br\\\/#organization\"},\"alternateName\":\"Trusted Translations\",\"potentialAction\":[{\"@type\":\"SearchAction\",\"target\":{\"@type\":\"EntryPoint\",\"urlTemplate\":\"https:\\\/\\\/www.trustedtranslations.com\\\/pt-br\\\/?s={search_term_string}\"},\"query-input\":{\"@type\":\"PropertyValueSpecification\",\"valueRequired\":true,\"valueName\":\"search_term_string\"}}],\"inLanguage\":\"pt-BR\"},{\"@type\":\"Organization\",\"@id\":\"https:\\\/\\\/www.trustedtranslations.com\\\/pt-br\\\/#organization\",\"name\":\"Trusted Translations\",\"alternateName\":\"Trusted Translations, Inc.\",\"url\":\"https:\\\/\\\/www.trustedtranslations.com\\\/pt-br\\\/\",\"logo\":{\"@type\":\"ImageObject\",\"inLanguage\":\"pt-BR\",\"@id\":\"https:\\\/\\\/www.trustedtranslations.com\\\/pt-br\\\/#\\\/schema\\\/logo\\\/image\\\/\",\"url\":\"https:\\\/\\\/static.trustedtranslations.com\\\/wp-content\\\/uploads\\\/2022\\\/01\\\/TT_logo_WSIColors-2.png\",\"contentUrl\":\"https:\\\/\\\/static.trustedtranslations.com\\\/wp-content\\\/uploads\\\/2022\\\/01\\\/TT_logo_WSIColors-2.png\",\"width\":500,\"height\":196,\"caption\":\"Trusted Translations\"},\"image\":{\"@id\":\"https:\\\/\\\/www.trustedtranslations.com\\\/pt-br\\\/#\\\/schema\\\/logo\\\/image\\\/\"},\"sameAs\":[\"https:\\\/\\\/www.facebook.com\\\/Trusted.Translations\",\"https:\\\/\\\/x.com\\\/TrustedT9ns\",\"https:\\\/\\\/www.linkedin.com\\\/company\\\/trusted-translations\"]}]}<\/script>\n<!-- \/ Yoast SEO plugin. -->","yoast_head_json":{"title":"Servi\u00e7os de legendagem - Trusted Translations, Inc.","robots":{"index":"index","follow":"follow","max-snippet":"max-snippet:-1","max-image-preview":"max-image-preview:large","max-video-preview":"max-video-preview:-1"},"canonical":"https:\/\/www.trustedtranslations.com\/pt-br\/servicos\/servicos-de-pos-producao-de-midia\/servicos-de-legendagem","og_locale":"pt_BR","og_type":"article","og_title":"Servi\u00e7os de legendagem - Trusted Translations, Inc.","og_url":"https:\/\/www.trustedtranslations.com\/pt-br\/servicos\/servicos-de-pos-producao-de-midia\/servicos-de-legendagem","og_site_name":"Trusted Translations, Inc.","article_publisher":"https:\/\/www.facebook.com\/Trusted.Translations","article_modified_time":"2026-03-27T17:57:29+00:00","og_image":[{"width":151,"height":151,"url":"https:\/\/www.trustedtranslations.com\/wp-content\/uploads\/2024\/06\/TT-ICON_Native-Spanish-Translati-1.webp","type":"image\/webp"}],"twitter_card":"summary_large_image","twitter_site":"@TrustedT9ns","schema":{"@context":"https:\/\/schema.org","@graph":[{"@type":"WebPage","@id":"https:\/\/www.trustedtranslations.com\/pt-br\/servicos\/servicos-de-pos-producao-de-midia\/servicos-de-legendagem","url":"https:\/\/www.trustedtranslations.com\/pt-br\/servicos\/servicos-de-pos-producao-de-midia\/servicos-de-legendagem","name":"Servi\u00e7os de legendagem - Trusted Translations, Inc.","isPartOf":{"@id":"https:\/\/www.trustedtranslations.com\/pt-br\/#website"},"primaryImageOfPage":{"@id":"https:\/\/www.trustedtranslations.com\/pt-br\/servicos\/servicos-de-pos-producao-de-midia\/servicos-de-legendagem#primaryimage"},"image":{"@id":"https:\/\/www.trustedtranslations.com\/pt-br\/servicos\/servicos-de-pos-producao-de-midia\/servicos-de-legendagem#primaryimage"},"thumbnailUrl":"https:\/\/www.trustedtranslations.com\/wp-content\/uploads\/2024\/06\/TT-ICON_Native-Spanish-Translati-1.webp","breadcrumb":{"@id":"https:\/\/www.trustedtranslations.com\/pt-br\/servicos\/servicos-de-pos-producao-de-midia\/servicos-de-legendagem#breadcrumb"},"inLanguage":"pt-BR","potentialAction":[{"@type":"ReadAction","target":["https:\/\/www.trustedtranslations.com\/pt-br\/servicos\/servicos-de-pos-producao-de-midia\/servicos-de-legendagem"]}]},{"@type":"ImageObject","inLanguage":"pt-BR","@id":"https:\/\/www.trustedtranslations.com\/pt-br\/servicos\/servicos-de-pos-producao-de-midia\/servicos-de-legendagem#primaryimage","url":"https:\/\/www.trustedtranslations.com\/wp-content\/uploads\/2024\/06\/TT-ICON_Native-Spanish-Translati-1.webp","contentUrl":"https:\/\/www.trustedtranslations.com\/wp-content\/uploads\/2024\/06\/TT-ICON_Native-Spanish-Translati-1.webp","width":151,"height":151,"caption":"TT ICON Native Spanish Translati 1"},{"@type":"BreadcrumbList","@id":"https:\/\/www.trustedtranslations.com\/pt-br\/servicos\/servicos-de-pos-producao-de-midia\/servicos-de-legendagem#breadcrumb","itemListElement":[{"@type":"ListItem","position":1,"name":"Home","item":"https:\/\/www.trustedtranslations.com\/pt-br"},{"@type":"ListItem","position":2,"name":"Servi\u00e7os","item":"https:\/\/www.trustedtranslations.com\/pt-br\/servicos"},{"@type":"ListItem","position":3,"name":"Servi\u00e7os de p\u00f3s-produ\u00e7\u00e3o de m\u00eddia","item":"https:\/\/www.trustedtranslations.com\/pt-br\/servicos\/servicos-de-pos-producao-de-midia"},{"@type":"ListItem","position":4,"name":"Servi\u00e7os de legendagem"}]},{"@type":"WebSite","@id":"https:\/\/www.trustedtranslations.com\/pt-br\/#website","url":"https:\/\/www.trustedtranslations.com\/pt-br\/","name":"Trusted Translations, Inc.","description":"Leader in translation and interpretation services.","publisher":{"@id":"https:\/\/www.trustedtranslations.com\/pt-br\/#organization"},"alternateName":"Trusted Translations","potentialAction":[{"@type":"SearchAction","target":{"@type":"EntryPoint","urlTemplate":"https:\/\/www.trustedtranslations.com\/pt-br\/?s={search_term_string}"},"query-input":{"@type":"PropertyValueSpecification","valueRequired":true,"valueName":"search_term_string"}}],"inLanguage":"pt-BR"},{"@type":"Organization","@id":"https:\/\/www.trustedtranslations.com\/pt-br\/#organization","name":"Trusted Translations","alternateName":"Trusted Translations, Inc.","url":"https:\/\/www.trustedtranslations.com\/pt-br\/","logo":{"@type":"ImageObject","inLanguage":"pt-BR","@id":"https:\/\/www.trustedtranslations.com\/pt-br\/#\/schema\/logo\/image\/","url":"https:\/\/static.trustedtranslations.com\/wp-content\/uploads\/2022\/01\/TT_logo_WSIColors-2.png","contentUrl":"https:\/\/static.trustedtranslations.com\/wp-content\/uploads\/2022\/01\/TT_logo_WSIColors-2.png","width":500,"height":196,"caption":"Trusted Translations"},"image":{"@id":"https:\/\/www.trustedtranslations.com\/pt-br\/#\/schema\/logo\/image\/"},"sameAs":["https:\/\/www.facebook.com\/Trusted.Translations","https:\/\/x.com\/TrustedT9ns","https:\/\/www.linkedin.com\/company\/trusted-translations"]}]}},"toolset-meta":{"dyk":{"mensaje-1":{"type":"textfield","raw":"As legendas podem melhorar a acessibilidade e ajudar os espectadores a compreender o conte\u00fado, mesmo ao assistir sem som em dispositivos m\u00f3veis."},"mensaje-2":{"type":"textfield","raw":"Legendas com sincroniza\u00e7\u00e3o profissional n\u00e3o s\u00e3o apenas tradu\u00e7\u00f5es \u2014 elas seguem limites rigorosos de caracteres, velocidades de leitura e regras de sincroniza\u00e7\u00e3o."},"mensaje-3":{"type":"textfield","raw":"Arquivos de legendas como .srt e .vtt permitem reutilizar o mesmo v\u00eddeo em v\u00e1rios idiomas sem modificar a m\u00eddia original."},"mensaje-4":{"type":"textfield","raw":"Legendas bem localizadas adaptam o tom, as refer\u00eancias culturais e o contexto na tela para garantir que sua mensagem soe natural para p\u00fablicos globais."},"mensaje-5":{"type":"textfield","raw":""},"mensaje-6":{"type":"textfield","raw":""}},"single-page-template-fields":{"imgs-temp":{"type":"image","raw":["https:\/\/www.trustedtranslations.com\/wp-content\/uploads\/2026\/02\/Subtitling.webp"],"repeatable":[{"raw":"https:\/\/www.trustedtranslations.com\/wp-content\/uploads\/2026\/02\/Subtitling.webp","attachment_id":293617}]},"imgs-temp-cel":{"type":"image","raw":[""],"repeatable":[{"raw":""}]},"img-temp-one-cel":{"type":"image","raw":"","attachment_id":null},"quotes":{"type":"textarea","raw":"<h1 style=\"margin-bottom: 12px;\">Servi\u00e7os de legendagem<\/h1>A Trusted Translations oferece servi\u00e7os profissionais de legendagem para ajudar voc\u00ea a localizar conte\u00fados de v\u00eddeo para p\u00fablicos multil\u00edngues. Entregamos legendas precisas, espec\u00edficas para cada mercado e f\u00e1ceis de ler, que preservam sua mensagem, melhoram a acessibilidade e oferecem suporte \u00e0 distribui\u00e7\u00e3o global em diversas plataformas.<div style=\"margin-top: 2.5vw;\"><a class=\"tt-btn-main-cta\" href=\/pt-br\/solicitud-orcamento\">Solicite um or\u00e7amento gratuito<\/a><\/div>"},"text-1":{"type":"textarea","raw":"<h3>Legendas profissionais para conte\u00fados globais<\/h3>\r\n\r\n<p>A legendagem permite que os espectadores acompanhem os di\u00e1logos falados e as mensagens na tela em outro idioma, mantendo o \u00e1udio original intacto. \u00c9 uma solu\u00e7\u00e3o economicamente vi\u00e1vel para comunica\u00e7\u00e3o global, especialmente para conte\u00fados que precisam de localiza\u00e7\u00e3o r\u00e1pida sem alterar as grava\u00e7\u00f5es de voz.<\/p>\r\n\r\n<p>A Trusted Translations oferece suporte \u00e0 legendagem para conte\u00fados de entretenimento, v\u00eddeos de marketing, m\u00f3dulos de treinamento, comunica\u00e7\u00f5es internas, entrevistas e conte\u00fados educativos.<\/p>\r\n\r\n<h3>O que voc\u00ea recebe<\/h3>\r\n\r\n<p>A Trusted Translations entrega arquivos prontos para legendagem que se alinham ao seu fluxo de trabalho e \u00e0s suas necessidades de publica\u00e7\u00e3o, incluindo:<\/p>\r\n\r\n<ul>\r\n  <li>Legendas traduzidas para o idioma de destino<\/li>\r\n  <li>Terminologia consistente em todo o conte\u00fado<\/li>\r\n  <li>Formata\u00e7\u00e3o clara para facilitar a leitura e a sincroniza\u00e7\u00e3o<\/li>\r\n  <li>Produtos finais com base no formato de legenda que voc\u00ea preferir<\/li>\r\n  <li>Legendas opcionais incorporadas na vers\u00e3o final do v\u00eddeo<\/li>\r\n<\/ul>\r\n\r\n<h3>Qualidade e confidencialidade<\/h3>\r\n\r\n<p>A Trusted Translations segue rigorosos padr\u00f5es de confidencialidade e qualidade em todos os seus projetos de legendagem. Nossa equipe garante que suas legendas sejam precisas, consistentes e formatadas profissionalmente para uso no mundo real.<\/p>\r\n\r\n<p>Nossos processos se alinham com as normas ISO 9001, garantindo gest\u00e3o de qualidade, precis\u00e3o na tradu\u00e7\u00e3o e melhores pr\u00e1ticas de p\u00f3s-edi\u00e7\u00e3o em todos os fluxos de trabalho de legendagem.<\/p>"},"shortcode-map":{"type":"textfield","raw":""},"dyk-shortcode":{"type":"textfield","raw":"[elementor-template id=\"147273\"]"},"text-2":{"type":"textarea","raw":"<h2>Sobre os servi\u00e7os de legendagem<\/h2>\r\n\r\n<p>A legendagem \u00e9 ideal quando se deseja preservar as vozes originais e, ao mesmo tempo, tornar o conte\u00fado acess\u00edvel a p\u00fablicos que falam idiomas diferentes. Dependendo do seu fluxo de trabalho, podemos trabalhar a partir do seu arquivo de v\u00eddeo original, um roteiro, uma transcri\u00e7\u00e3o existente ou arquivos de legendas. Se voc\u00ea j\u00e1 tiver as exig\u00eancias t\u00e9cnicas de sincroniza\u00e7\u00e3o ou formata\u00e7\u00e3o, podemos seguir suas especifica\u00e7\u00f5es. Se voc\u00ea est\u00e1 em d\u00favida entre legendagem e dublagem, nossa equipe pode ajud\u00e1-lo(a) a escolher a melhor op\u00e7\u00e3o com base no tipo de conte\u00fado, or\u00e7amento e prazo de entrega.<\/p>\r\n\r\n<p>A legendagem \u00e9 normalmente usada para:<\/p>\r\n\r\n<ul>\r\n  <li>V\u00eddeos de treinamento e eLearning para equipes globais<\/li>\r\n  <li>Conte\u00fados de marketing e de produtos para p\u00fablicos internacionais<\/li>\r\n  <li>Comunica\u00e7\u00e3o corporativa para organiza\u00e7\u00f5es multil\u00edngues<\/li>\r\n  <li>Entrevistas e grava\u00e7\u00f5es com v\u00e1rios participantes que necessitam de clareza e estrutura<\/li>\r\n  <li>Conte\u00fados de entretenimento que exigem acessibilidade multil\u00edngue, como filmes ou videogames<\/li>\r\n  <li>Suporte de acessibilidade para entrega de conte\u00fado inclusivo<\/li>\r\n<\/ul>\r\n\r\n<p>Se voc\u00ea precisa adaptar conte\u00fados de v\u00eddeo para p\u00fablicos internacionais ou multil\u00edngues, a Trusted Translations pode oferecer suporte \u00e0s suas necessidades de legendagem com tradu\u00e7\u00f5es precisas, formata\u00e7\u00e3o consistente e entrega confi\u00e1vel.<\/p>\r\n\r\n<p>Compartilhe seus arquivos de v\u00eddeo, exig\u00eancias do idioma de destino e especifica\u00e7\u00f5es de legendas, e nossa equipe o(a) ajudar\u00e1 a determinar a melhor abordagem para seu projeto.<\/p>"},"state":{"type":"textfield","raw":""},"city":{"type":"textarea","raw":[""]}}},"_links":{"self":[{"href":"https:\/\/www.trustedtranslations.com\/pt-br\/wp-json\/wp\/v2\/pages\/294131","targetHints":{"allow":["GET"]}}],"collection":[{"href":"https:\/\/www.trustedtranslations.com\/pt-br\/wp-json\/wp\/v2\/pages"}],"about":[{"href":"https:\/\/www.trustedtranslations.com\/pt-br\/wp-json\/wp\/v2\/types\/page"}],"author":[{"embeddable":true,"href":"https:\/\/www.trustedtranslations.com\/pt-br\/wp-json\/wp\/v2\/users\/1"}],"replies":[{"embeddable":true,"href":"https:\/\/www.trustedtranslations.com\/pt-br\/wp-json\/wp\/v2\/comments?post=294131"}],"version-history":[{"count":1,"href":"https:\/\/www.trustedtranslations.com\/pt-br\/wp-json\/wp\/v2\/pages\/294131\/revisions"}],"predecessor-version":[{"id":294223,"href":"https:\/\/www.trustedtranslations.com\/pt-br\/wp-json\/wp\/v2\/pages\/294131\/revisions\/294223"}],"up":[{"embeddable":true,"href":"https:\/\/www.trustedtranslations.com\/pt-br\/wp-json\/wp\/v2\/pages\/294101"}],"wp:featuredmedia":[{"embeddable":true,"href":"https:\/\/www.trustedtranslations.com\/pt-br\/wp-json\/wp\/v2\/media\/261644"}],"wp:attachment":[{"href":"https:\/\/www.trustedtranslations.com\/pt-br\/wp-json\/wp\/v2\/media?parent=294131"}],"curies":[{"name":"wp","href":"https:\/\/api.w.org\/{rel}","templated":true}]}}