{"id":294141,"date":"2026-03-12T12:31:16","date_gmt":"2026-03-12T15:31:16","guid":{"rendered":"https:\/\/www.trustedtranslations.com\/?page_id=294141"},"modified":"2026-03-27T14:57:39","modified_gmt":"2026-03-27T17:57:39","slug":"servicos-de-conversao-de-texto-em-voz","status":"publish","type":"page","link":"https:\/\/www.trustedtranslations.com\/pt-br\/servicos\/servicos-de-pos-producao-de-midia\/servicos-de-conversao-de-texto-em-voz","title":{"rendered":"Servi\u00e7os de convers\u00e3o de texto em voz"},"content":{"rendered":"","protected":false},"excerpt":{"rendered":"","protected":false},"author":1,"featured_media":235827,"parent":294101,"menu_order":0,"comment_status":"closed","ping_status":"closed","template":"","meta":{"site-sidebar-layout":"default","site-content-layout":"","ast-site-content-layout":"default","site-content-style":"default","site-sidebar-style":"default","ast-global-header-display":"","ast-banner-title-visibility":"","ast-main-header-display":"","ast-hfb-above-header-display":"","ast-hfb-below-header-display":"","ast-hfb-mobile-header-display":"","site-post-title":"","ast-breadcrumbs-content":"","ast-featured-img":"","footer-sml-layout":"","ast-disable-related-posts":"","theme-transparent-header-meta":"default","adv-header-id-meta":"","stick-header-meta":"","header-above-stick-meta":"","header-main-stick-meta":"","header-below-stick-meta":"","astra-migrate-meta-layouts":"set","ast-page-background-enabled":"default","ast-page-background-meta":{"desktop":{"background-color":"var(--ast-global-color-4)","background-image":"","background-repeat":"repeat","background-position":"center center","background-size":"auto","background-attachment":"scroll","background-type":"","background-media":"","overlay-type":"","overlay-color":"","overlay-opacity":"","overlay-gradient":""},"tablet":{"background-color":"","background-image":"","background-repeat":"repeat","background-position":"center center","background-size":"auto","background-attachment":"scroll","background-type":"","background-media":"","overlay-type":"","overlay-color":"","overlay-opacity":"","overlay-gradient":""},"mobile":{"background-color":"","background-image":"","background-repeat":"repeat","background-position":"center center","background-size":"auto","background-attachment":"scroll","background-type":"","background-media":"","overlay-type":"","overlay-color":"","overlay-opacity":"","overlay-gradient":""}},"ast-content-background-meta":{"desktop":{"background-color":"var(--ast-global-color-5)","background-image":"","background-repeat":"repeat","background-position":"center center","background-size":"auto","background-attachment":"scroll","background-type":"","background-media":"","overlay-type":"","overlay-color":"","overlay-opacity":"","overlay-gradient":""},"tablet":{"background-color":"var(--ast-global-color-5)","background-image":"","background-repeat":"repeat","background-position":"center center","background-size":"auto","background-attachment":"scroll","background-type":"","background-media":"","overlay-type":"","overlay-color":"","overlay-opacity":"","overlay-gradient":""},"mobile":{"background-color":"var(--ast-global-color-5)","background-image":"","background-repeat":"repeat","background-position":"center center","background-size":"auto","background-attachment":"scroll","background-type":"","background-media":"","overlay-type":"","overlay-color":"","overlay-opacity":"","overlay-gradient":""}},"footnotes":""},"class_list":["post-294141","page","type-page","status-publish","has-post-thumbnail","hentry"],"yoast_head":"<!-- This site is optimized with the Yoast SEO plugin v27.5 - https:\/\/yoast.com\/product\/yoast-seo-wordpress\/ -->\n<title>Servi\u00e7os de convers\u00e3o de texto em voz - Trusted Translations, Inc.<\/title>\n<meta name=\"robots\" content=\"index, follow, max-snippet:-1, max-image-preview:large, max-video-preview:-1\" \/>\n<link rel=\"canonical\" href=\"https:\/\/www.trustedtranslations.com\/pt-br\/servicos\/servicos-de-pos-producao-de-midia\/servicos-de-conversao-de-texto-em-voz\" \/>\n<meta property=\"og:locale\" content=\"pt_BR\" \/>\n<meta property=\"og:type\" content=\"article\" \/>\n<meta property=\"og:title\" content=\"Servi\u00e7os de convers\u00e3o de texto em voz - Trusted Translations, Inc.\" \/>\n<meta property=\"og:url\" content=\"https:\/\/www.trustedtranslations.com\/pt-br\/servicos\/servicos-de-pos-producao-de-midia\/servicos-de-conversao-de-texto-em-voz\" \/>\n<meta property=\"og:site_name\" content=\"Trusted Translations, Inc.\" \/>\n<meta property=\"article:publisher\" content=\"https:\/\/www.facebook.com\/Trusted.Translations\" \/>\n<meta property=\"article:modified_time\" content=\"2026-03-27T17:57:39+00:00\" \/>\n<meta property=\"og:image\" content=\"https:\/\/www.trustedtranslations.com\/wp-content\/uploads\/2024\/02\/TT-ICON_Human-translation.webp\" \/>\n\t<meta property=\"og:image:width\" content=\"150\" \/>\n\t<meta property=\"og:image:height\" content=\"150\" \/>\n\t<meta property=\"og:image:type\" content=\"image\/webp\" \/>\n<meta name=\"twitter:card\" content=\"summary_large_image\" \/>\n<meta name=\"twitter:site\" content=\"@TrustedT9ns\" \/>\n<script type=\"application\/ld+json\" class=\"yoast-schema-graph\">{\"@context\":\"https:\\\/\\\/schema.org\",\"@graph\":[{\"@type\":\"WebPage\",\"@id\":\"https:\\\/\\\/www.trustedtranslations.com\\\/pt-br\\\/servicos\\\/servicos-de-pos-producao-de-midia\\\/servicos-de-conversao-de-texto-em-voz\",\"url\":\"https:\\\/\\\/www.trustedtranslations.com\\\/pt-br\\\/servicos\\\/servicos-de-pos-producao-de-midia\\\/servicos-de-conversao-de-texto-em-voz\",\"name\":\"Servi\u00e7os de convers\u00e3o de texto em voz - Trusted Translations, Inc.\",\"isPartOf\":{\"@id\":\"https:\\\/\\\/www.trustedtranslations.com\\\/pt-br\\\/#website\"},\"primaryImageOfPage\":{\"@id\":\"https:\\\/\\\/www.trustedtranslations.com\\\/pt-br\\\/servicos\\\/servicos-de-pos-producao-de-midia\\\/servicos-de-conversao-de-texto-em-voz#primaryimage\"},\"image\":{\"@id\":\"https:\\\/\\\/www.trustedtranslations.com\\\/pt-br\\\/servicos\\\/servicos-de-pos-producao-de-midia\\\/servicos-de-conversao-de-texto-em-voz#primaryimage\"},\"thumbnailUrl\":\"https:\\\/\\\/www.trustedtranslations.com\\\/wp-content\\\/uploads\\\/2024\\\/02\\\/TT-ICON_Human-translation.webp\",\"breadcrumb\":{\"@id\":\"https:\\\/\\\/www.trustedtranslations.com\\\/pt-br\\\/servicos\\\/servicos-de-pos-producao-de-midia\\\/servicos-de-conversao-de-texto-em-voz#breadcrumb\"},\"inLanguage\":\"pt-BR\",\"potentialAction\":[{\"@type\":\"ReadAction\",\"target\":[\"https:\\\/\\\/www.trustedtranslations.com\\\/pt-br\\\/servicos\\\/servicos-de-pos-producao-de-midia\\\/servicos-de-conversao-de-texto-em-voz\"]}]},{\"@type\":\"ImageObject\",\"inLanguage\":\"pt-BR\",\"@id\":\"https:\\\/\\\/www.trustedtranslations.com\\\/pt-br\\\/servicos\\\/servicos-de-pos-producao-de-midia\\\/servicos-de-conversao-de-texto-em-voz#primaryimage\",\"url\":\"https:\\\/\\\/www.trustedtranslations.com\\\/wp-content\\\/uploads\\\/2024\\\/02\\\/TT-ICON_Human-translation.webp\",\"contentUrl\":\"https:\\\/\\\/www.trustedtranslations.com\\\/wp-content\\\/uploads\\\/2024\\\/02\\\/TT-ICON_Human-translation.webp\",\"width\":150,\"height\":150,\"caption\":\"TT ICON Human translation\"},{\"@type\":\"BreadcrumbList\",\"@id\":\"https:\\\/\\\/www.trustedtranslations.com\\\/pt-br\\\/servicos\\\/servicos-de-pos-producao-de-midia\\\/servicos-de-conversao-de-texto-em-voz#breadcrumb\",\"itemListElement\":[{\"@type\":\"ListItem\",\"position\":1,\"name\":\"Home\",\"item\":\"https:\\\/\\\/www.trustedtranslations.com\\\/pt-br\"},{\"@type\":\"ListItem\",\"position\":2,\"name\":\"Servi\u00e7os\",\"item\":\"https:\\\/\\\/www.trustedtranslations.com\\\/pt-br\\\/servicos\"},{\"@type\":\"ListItem\",\"position\":3,\"name\":\"Servi\u00e7os de p\u00f3s-produ\u00e7\u00e3o de m\u00eddia\",\"item\":\"https:\\\/\\\/www.trustedtranslations.com\\\/pt-br\\\/servicos\\\/servicos-de-pos-producao-de-midia\"},{\"@type\":\"ListItem\",\"position\":4,\"name\":\"Servi\u00e7os de convers\u00e3o de texto em voz\"}]},{\"@type\":\"WebSite\",\"@id\":\"https:\\\/\\\/www.trustedtranslations.com\\\/pt-br\\\/#website\",\"url\":\"https:\\\/\\\/www.trustedtranslations.com\\\/pt-br\\\/\",\"name\":\"Trusted Translations, Inc.\",\"description\":\"Leader in translation and interpretation services.\",\"publisher\":{\"@id\":\"https:\\\/\\\/www.trustedtranslations.com\\\/pt-br\\\/#organization\"},\"alternateName\":\"Trusted Translations\",\"potentialAction\":[{\"@type\":\"SearchAction\",\"target\":{\"@type\":\"EntryPoint\",\"urlTemplate\":\"https:\\\/\\\/www.trustedtranslations.com\\\/pt-br\\\/?s={search_term_string}\"},\"query-input\":{\"@type\":\"PropertyValueSpecification\",\"valueRequired\":true,\"valueName\":\"search_term_string\"}}],\"inLanguage\":\"pt-BR\"},{\"@type\":\"Organization\",\"@id\":\"https:\\\/\\\/www.trustedtranslations.com\\\/pt-br\\\/#organization\",\"name\":\"Trusted Translations\",\"alternateName\":\"Trusted Translations, Inc.\",\"url\":\"https:\\\/\\\/www.trustedtranslations.com\\\/pt-br\\\/\",\"logo\":{\"@type\":\"ImageObject\",\"inLanguage\":\"pt-BR\",\"@id\":\"https:\\\/\\\/www.trustedtranslations.com\\\/pt-br\\\/#\\\/schema\\\/logo\\\/image\\\/\",\"url\":\"https:\\\/\\\/static.trustedtranslations.com\\\/wp-content\\\/uploads\\\/2022\\\/01\\\/TT_logo_WSIColors-2.png\",\"contentUrl\":\"https:\\\/\\\/static.trustedtranslations.com\\\/wp-content\\\/uploads\\\/2022\\\/01\\\/TT_logo_WSIColors-2.png\",\"width\":500,\"height\":196,\"caption\":\"Trusted Translations\"},\"image\":{\"@id\":\"https:\\\/\\\/www.trustedtranslations.com\\\/pt-br\\\/#\\\/schema\\\/logo\\\/image\\\/\"},\"sameAs\":[\"https:\\\/\\\/www.facebook.com\\\/Trusted.Translations\",\"https:\\\/\\\/x.com\\\/TrustedT9ns\",\"https:\\\/\\\/www.linkedin.com\\\/company\\\/trusted-translations\"]}]}<\/script>\n<!-- \/ Yoast SEO plugin. -->","yoast_head_json":{"title":"Servi\u00e7os de convers\u00e3o de texto em voz - Trusted Translations, Inc.","robots":{"index":"index","follow":"follow","max-snippet":"max-snippet:-1","max-image-preview":"max-image-preview:large","max-video-preview":"max-video-preview:-1"},"canonical":"https:\/\/www.trustedtranslations.com\/pt-br\/servicos\/servicos-de-pos-producao-de-midia\/servicos-de-conversao-de-texto-em-voz","og_locale":"pt_BR","og_type":"article","og_title":"Servi\u00e7os de convers\u00e3o de texto em voz - Trusted Translations, Inc.","og_url":"https:\/\/www.trustedtranslations.com\/pt-br\/servicos\/servicos-de-pos-producao-de-midia\/servicos-de-conversao-de-texto-em-voz","og_site_name":"Trusted Translations, Inc.","article_publisher":"https:\/\/www.facebook.com\/Trusted.Translations","article_modified_time":"2026-03-27T17:57:39+00:00","og_image":[{"width":150,"height":150,"url":"https:\/\/www.trustedtranslations.com\/wp-content\/uploads\/2024\/02\/TT-ICON_Human-translation.webp","type":"image\/webp"}],"twitter_card":"summary_large_image","twitter_site":"@TrustedT9ns","schema":{"@context":"https:\/\/schema.org","@graph":[{"@type":"WebPage","@id":"https:\/\/www.trustedtranslations.com\/pt-br\/servicos\/servicos-de-pos-producao-de-midia\/servicos-de-conversao-de-texto-em-voz","url":"https:\/\/www.trustedtranslations.com\/pt-br\/servicos\/servicos-de-pos-producao-de-midia\/servicos-de-conversao-de-texto-em-voz","name":"Servi\u00e7os de convers\u00e3o de texto em voz - Trusted Translations, Inc.","isPartOf":{"@id":"https:\/\/www.trustedtranslations.com\/pt-br\/#website"},"primaryImageOfPage":{"@id":"https:\/\/www.trustedtranslations.com\/pt-br\/servicos\/servicos-de-pos-producao-de-midia\/servicos-de-conversao-de-texto-em-voz#primaryimage"},"image":{"@id":"https:\/\/www.trustedtranslations.com\/pt-br\/servicos\/servicos-de-pos-producao-de-midia\/servicos-de-conversao-de-texto-em-voz#primaryimage"},"thumbnailUrl":"https:\/\/www.trustedtranslations.com\/wp-content\/uploads\/2024\/02\/TT-ICON_Human-translation.webp","breadcrumb":{"@id":"https:\/\/www.trustedtranslations.com\/pt-br\/servicos\/servicos-de-pos-producao-de-midia\/servicos-de-conversao-de-texto-em-voz#breadcrumb"},"inLanguage":"pt-BR","potentialAction":[{"@type":"ReadAction","target":["https:\/\/www.trustedtranslations.com\/pt-br\/servicos\/servicos-de-pos-producao-de-midia\/servicos-de-conversao-de-texto-em-voz"]}]},{"@type":"ImageObject","inLanguage":"pt-BR","@id":"https:\/\/www.trustedtranslations.com\/pt-br\/servicos\/servicos-de-pos-producao-de-midia\/servicos-de-conversao-de-texto-em-voz#primaryimage","url":"https:\/\/www.trustedtranslations.com\/wp-content\/uploads\/2024\/02\/TT-ICON_Human-translation.webp","contentUrl":"https:\/\/www.trustedtranslations.com\/wp-content\/uploads\/2024\/02\/TT-ICON_Human-translation.webp","width":150,"height":150,"caption":"TT ICON Human translation"},{"@type":"BreadcrumbList","@id":"https:\/\/www.trustedtranslations.com\/pt-br\/servicos\/servicos-de-pos-producao-de-midia\/servicos-de-conversao-de-texto-em-voz#breadcrumb","itemListElement":[{"@type":"ListItem","position":1,"name":"Home","item":"https:\/\/www.trustedtranslations.com\/pt-br"},{"@type":"ListItem","position":2,"name":"Servi\u00e7os","item":"https:\/\/www.trustedtranslations.com\/pt-br\/servicos"},{"@type":"ListItem","position":3,"name":"Servi\u00e7os de p\u00f3s-produ\u00e7\u00e3o de m\u00eddia","item":"https:\/\/www.trustedtranslations.com\/pt-br\/servicos\/servicos-de-pos-producao-de-midia"},{"@type":"ListItem","position":4,"name":"Servi\u00e7os de convers\u00e3o de texto em voz"}]},{"@type":"WebSite","@id":"https:\/\/www.trustedtranslations.com\/pt-br\/#website","url":"https:\/\/www.trustedtranslations.com\/pt-br\/","name":"Trusted Translations, Inc.","description":"Leader in translation and interpretation services.","publisher":{"@id":"https:\/\/www.trustedtranslations.com\/pt-br\/#organization"},"alternateName":"Trusted Translations","potentialAction":[{"@type":"SearchAction","target":{"@type":"EntryPoint","urlTemplate":"https:\/\/www.trustedtranslations.com\/pt-br\/?s={search_term_string}"},"query-input":{"@type":"PropertyValueSpecification","valueRequired":true,"valueName":"search_term_string"}}],"inLanguage":"pt-BR"},{"@type":"Organization","@id":"https:\/\/www.trustedtranslations.com\/pt-br\/#organization","name":"Trusted Translations","alternateName":"Trusted Translations, Inc.","url":"https:\/\/www.trustedtranslations.com\/pt-br\/","logo":{"@type":"ImageObject","inLanguage":"pt-BR","@id":"https:\/\/www.trustedtranslations.com\/pt-br\/#\/schema\/logo\/image\/","url":"https:\/\/static.trustedtranslations.com\/wp-content\/uploads\/2022\/01\/TT_logo_WSIColors-2.png","contentUrl":"https:\/\/static.trustedtranslations.com\/wp-content\/uploads\/2022\/01\/TT_logo_WSIColors-2.png","width":500,"height":196,"caption":"Trusted Translations"},"image":{"@id":"https:\/\/www.trustedtranslations.com\/pt-br\/#\/schema\/logo\/image\/"},"sameAs":["https:\/\/www.facebook.com\/Trusted.Translations","https:\/\/x.com\/TrustedT9ns","https:\/\/www.linkedin.com\/company\/trusted-translations"]}]}},"toolset-meta":{"dyk":{"mensaje-1":{"type":"textfield","raw":"A tecnologia de convers\u00e3o de texto em voz transforma roteiros escritos em narra\u00e7\u00f5es com som natural, ajudando as equipes a produzir \u00e1udios multil\u00edngues mais rapidamente."},"mensaje-2":{"type":"textfield","raw":"A convers\u00e3o de texto em voz \u00e9 ideal para m\u00f3dulos de treinamento, conte\u00fados de eLearning e v\u00eddeos educativos que exigem uma pron\u00fancia consistente em diferentes idiomas."},"mensaje-3":{"type":"textfield","raw":"A narra\u00e7\u00e3o gerada por IA pode reduzir os prazos de produ\u00e7\u00e3o, mantendo a clareza, a precis\u00e3o da pron\u00fancia e a expansividade da reprodu\u00e7\u00e3o de \u00e1udio."},"mensaje-4":{"type":"textfield","raw":"A convers\u00e3o de texto em voz permite atualizar o conte\u00fado de \u00e1udio facilmente \u2014 basta revisar o roteiro em vez de regravar uma sess\u00e3o de voz completa."},"mensaje-5":{"type":"textfield","raw":""},"mensaje-6":{"type":"textfield","raw":""}},"single-page-template-fields":{"imgs-temp":{"type":"image","raw":["https:\/\/www.trustedtranslations.com\/wp-content\/uploads\/2026\/02\/text-to-voice.webp"],"repeatable":[{"raw":"https:\/\/www.trustedtranslations.com\/wp-content\/uploads\/2026\/02\/text-to-voice.webp","attachment_id":293641}]},"imgs-temp-cel":{"type":"image","raw":[""],"repeatable":[{"raw":""}]},"img-temp-one-cel":{"type":"image","raw":"","attachment_id":null},"quotes":{"type":"textarea","raw":"<h1 style=\"margin-bottom: 12px;\">Servi\u00e7os de convers\u00e3o de texto em voz<\/h1>A Trusted Translations oferece servi\u00e7os de convers\u00e3o de texto em voz para ajud\u00e1-lo(a) a produzir narra\u00e7\u00f5es multil\u00edngues de forma r\u00e1pida e consistente. Esta solu\u00e7\u00e3o \u00e9 ideal para conte\u00fados com roteiros que precisam de reprodu\u00e7\u00e3o de voz dimension\u00e1vel, mantendo a clareza, o controle da terminologia e produtos finais profissionais. <div style=\"margin-top: 2.5vw;\"><a class=\"tt-btn-main-cta\" href=\"\/pt-br\/solicitud-orcamento\">Solicite um or\u00e7amento gratuito<\/a><\/div>"},"text-1":{"type":"textarea","raw":"<h3>Reprodu\u00e7\u00e3o de voz r\u00e1pida para conte\u00fados dimension\u00e1veis<\/h3>\r\n\r\n<p>A convers\u00e3o de texto em voz \u00e9 uma solu\u00e7\u00e3o pr\u00e1tica quando voc\u00ea precisa de uma narra\u00e7\u00e3o produzida rapidamente em v\u00e1rios idiomas. Funciona especialmente bem para projetos com roteiros, como conte\u00fados de treinamento, atualiza\u00e7\u00f5es internas, materiais educativos e fluxos de trabalho de m\u00eddia repet\u00edveis.<\/p>\r\n\r\n<p>A Trusted Translations oferece suporte a projetos de convers\u00e3o de texto em voz com revis\u00e3o humana para melhorar a clareza, a pron\u00fancia e a consist\u00eancia da terminologia.<\/p>\r\n\r\n<h3>O que voc\u00ea recebe<\/h3>\r\n\r\n<p>A Trusted Translations fornece arquivos de convers\u00e3o de texto em voz projetados para dar suporte a fluxos de trabalho de produ\u00e7\u00e3o do mundo real, incluindo:<\/p>\r\n\r\n<ul>\r\n  <li>Reprodu\u00e7\u00e3o de voz multil\u00edngue baseada em seus roteiros<\/li>\r\n  <li>Maior clareza e pron\u00fancia com revis\u00e3o humana<\/li>\r\n  <li>Terminologia consistente em todos os projetos recorrentes<\/li>\r\n  <li>Produtos finais prontos para produ\u00e7\u00e3o com base nas suas especifica\u00e7\u00f5es<\/li>\r\n<\/ul>\r\n\r\n<h3>Qualidade e confidencialidade<\/h3>\r\n\r\n<p>A Trusted Translations segue rigorosos padr\u00f5es de confidencialidade e qualidade em todos os seus projetos de convers\u00e3o de texto em voz. Nossa equipe se concentra na precis\u00e3o, na consist\u00eancia e na formata\u00e7\u00e3o profissional para garantir que os produtos finais estejam adequados para distribui\u00e7\u00e3o interna ou uso em produ\u00e7\u00e3o.<\/p>\r\n\r\n<p>Nossos processos se alinham com as normas ISO 9001, garantindo gest\u00e3o de qualidade, precis\u00e3o na tradu\u00e7\u00e3o e melhores pr\u00e1ticas de p\u00f3s-edi\u00e7\u00e3o em todos os fluxos de trabalho de convers\u00e3o de texto em voz.<\/p>"},"shortcode-map":{"type":"textfield","raw":""},"dyk-shortcode":{"type":"textfield","raw":"[elementor-template id=\"147273\"]"},"text-2":{"type":"textarea","raw":"<h2>Como a convers\u00e3o de texto em voz oferece suporte \u00e0 produ\u00e7\u00e3o de conte\u00fado<\/h2>\r\n\r\n<p>A convers\u00e3o de texto em voz \u00e9 ideal quando voc\u00ea j\u00e1 escreveu roteiros e precisa de uma narra\u00e7\u00e3o r\u00e1pida, sem a complexidade dos fluxos de trabalho completos de dublagem. Dependendo das suas necessidades de produ\u00e7\u00e3o, esta abordagem permite dimensionar conte\u00fado multil\u00edngue de forma eficiente, mantendo a consist\u00eancia entre atualiza\u00e7\u00f5es e revis\u00f5es.<\/p>\r\n\r\n<p>A convers\u00e3o de texto em voz \u00e9 normalmente usada para:<\/p>\r\n\r\n<ul>\r\n  <li>M\u00f3dulos de treinamento e eLearning para equipes globais<\/li>\r\n  <li>Comunica\u00e7\u00e3o interna para organiza\u00e7\u00f5es multil\u00edngues<\/li>\r\n  <li>Conte\u00fados educativos e de integra\u00e7\u00e3o com narra\u00e7\u00e3o roteirizada<\/li>\r\n  <li>Bibliotecas de conte\u00fado recorrentes que exijam produ\u00e7\u00e3o dimension\u00e1vel<\/li>\r\n  <li>Projetos onde velocidade, consist\u00eancia e entrega multil\u00edngue sejam prioridades<\/li>\r\n<\/ul>\r\n\r\n<p>Os projetos de convers\u00e3o de texto em voz geralmente exigem alinhamento entre as equipes de conte\u00fado, padr\u00f5es lingu\u00edsticos e cronogramas de produ\u00e7\u00e3o. A Trusted Translations oferece suporte a esse processo fornecendo fluxos de trabalho estruturados, produtos finais claros e supervis\u00e3o lingu\u00edstica que se integram aos ambientes de produ\u00e7\u00e3o existentes.<\/p>\r\n\r\n<p>Essa abordagem permite que as organiza\u00e7\u00f5es dimensionem a narra\u00e7\u00e3o multil\u00edngue, mantendo a consist\u00eancia, a clareza e o controle nas atualiza\u00e7\u00f5es de conte\u00fado.<\/p>"},"state":{"type":"textfield","raw":""},"city":{"type":"textarea","raw":[""]}}},"_links":{"self":[{"href":"https:\/\/www.trustedtranslations.com\/pt-br\/wp-json\/wp\/v2\/pages\/294141","targetHints":{"allow":["GET"]}}],"collection":[{"href":"https:\/\/www.trustedtranslations.com\/pt-br\/wp-json\/wp\/v2\/pages"}],"about":[{"href":"https:\/\/www.trustedtranslations.com\/pt-br\/wp-json\/wp\/v2\/types\/page"}],"author":[{"embeddable":true,"href":"https:\/\/www.trustedtranslations.com\/pt-br\/wp-json\/wp\/v2\/users\/1"}],"replies":[{"embeddable":true,"href":"https:\/\/www.trustedtranslations.com\/pt-br\/wp-json\/wp\/v2\/comments?post=294141"}],"version-history":[{"count":1,"href":"https:\/\/www.trustedtranslations.com\/pt-br\/wp-json\/wp\/v2\/pages\/294141\/revisions"}],"predecessor-version":[{"id":294297,"href":"https:\/\/www.trustedtranslations.com\/pt-br\/wp-json\/wp\/v2\/pages\/294141\/revisions\/294297"}],"up":[{"embeddable":true,"href":"https:\/\/www.trustedtranslations.com\/pt-br\/wp-json\/wp\/v2\/pages\/294101"}],"wp:featuredmedia":[{"embeddable":true,"href":"https:\/\/www.trustedtranslations.com\/pt-br\/wp-json\/wp\/v2\/media\/235827"}],"wp:attachment":[{"href":"https:\/\/www.trustedtranslations.com\/pt-br\/wp-json\/wp\/v2\/media?parent=294141"}],"curies":[{"name":"wp","href":"https:\/\/api.w.org\/{rel}","templated":true}]}}