{"id":294151,"date":"2026-03-12T12:18:08","date_gmt":"2026-03-12T15:18:08","guid":{"rendered":"https:\/\/www.trustedtranslations.com\/?page_id=294151"},"modified":"2026-03-27T14:57:50","modified_gmt":"2026-03-27T17:57:50","slug":"servicos-de-dublagem-com-voz-humana","status":"publish","type":"page","link":"https:\/\/www.trustedtranslations.com\/pt-br\/servicos\/servicos-de-pos-producao-de-midia\/servicos-de-dublagem\/servicos-de-dublagem-com-voz-humana","title":{"rendered":"Servi\u00e7os de dublagem com voz humana"},"content":{"rendered":"","protected":false},"excerpt":{"rendered":"","protected":false},"author":1,"featured_media":246607,"parent":294119,"menu_order":0,"comment_status":"closed","ping_status":"closed","template":"","meta":{"site-sidebar-layout":"default","site-content-layout":"","ast-site-content-layout":"default","site-content-style":"default","site-sidebar-style":"default","ast-global-header-display":"","ast-banner-title-visibility":"","ast-main-header-display":"","ast-hfb-above-header-display":"","ast-hfb-below-header-display":"","ast-hfb-mobile-header-display":"","site-post-title":"","ast-breadcrumbs-content":"","ast-featured-img":"","footer-sml-layout":"","ast-disable-related-posts":"","theme-transparent-header-meta":"default","adv-header-id-meta":"","stick-header-meta":"","header-above-stick-meta":"","header-main-stick-meta":"","header-below-stick-meta":"","astra-migrate-meta-layouts":"set","ast-page-background-enabled":"default","ast-page-background-meta":{"desktop":{"background-color":"var(--ast-global-color-4)","background-image":"","background-repeat":"repeat","background-position":"center center","background-size":"auto","background-attachment":"scroll","background-type":"","background-media":"","overlay-type":"","overlay-color":"","overlay-opacity":"","overlay-gradient":""},"tablet":{"background-color":"","background-image":"","background-repeat":"repeat","background-position":"center center","background-size":"auto","background-attachment":"scroll","background-type":"","background-media":"","overlay-type":"","overlay-color":"","overlay-opacity":"","overlay-gradient":""},"mobile":{"background-color":"","background-image":"","background-repeat":"repeat","background-position":"center center","background-size":"auto","background-attachment":"scroll","background-type":"","background-media":"","overlay-type":"","overlay-color":"","overlay-opacity":"","overlay-gradient":""}},"ast-content-background-meta":{"desktop":{"background-color":"var(--ast-global-color-5)","background-image":"","background-repeat":"repeat","background-position":"center center","background-size":"auto","background-attachment":"scroll","background-type":"","background-media":"","overlay-type":"","overlay-color":"","overlay-opacity":"","overlay-gradient":""},"tablet":{"background-color":"var(--ast-global-color-5)","background-image":"","background-repeat":"repeat","background-position":"center center","background-size":"auto","background-attachment":"scroll","background-type":"","background-media":"","overlay-type":"","overlay-color":"","overlay-opacity":"","overlay-gradient":""},"mobile":{"background-color":"var(--ast-global-color-5)","background-image":"","background-repeat":"repeat","background-position":"center center","background-size":"auto","background-attachment":"scroll","background-type":"","background-media":"","overlay-type":"","overlay-color":"","overlay-opacity":"","overlay-gradient":""}},"footnotes":""},"class_list":["post-294151","page","type-page","status-publish","has-post-thumbnail","hentry"],"yoast_head":"<!-- This site is optimized with the Yoast SEO plugin v27.5 - https:\/\/yoast.com\/product\/yoast-seo-wordpress\/ -->\n<title>Servi\u00e7os de dublagem com voz humana - Trusted Translations, Inc.<\/title>\n<meta name=\"robots\" content=\"index, follow, max-snippet:-1, max-image-preview:large, max-video-preview:-1\" \/>\n<link rel=\"canonical\" href=\"https:\/\/www.trustedtranslations.com\/pt-br\/servicos\/servicos-de-pos-producao-de-midia\/servicos-de-dublagem\/servicos-de-dublagem-com-voz-humana\" \/>\n<meta property=\"og:locale\" content=\"pt_BR\" \/>\n<meta property=\"og:type\" content=\"article\" \/>\n<meta property=\"og:title\" content=\"Servi\u00e7os de dublagem com voz humana - Trusted Translations, Inc.\" \/>\n<meta property=\"og:url\" content=\"https:\/\/www.trustedtranslations.com\/pt-br\/servicos\/servicos-de-pos-producao-de-midia\/servicos-de-dublagem\/servicos-de-dublagem-com-voz-humana\" \/>\n<meta property=\"og:site_name\" content=\"Trusted Translations, Inc.\" \/>\n<meta property=\"article:publisher\" content=\"https:\/\/www.facebook.com\/Trusted.Translations\" \/>\n<meta property=\"article:modified_time\" content=\"2026-03-27T17:57:50+00:00\" \/>\n<meta property=\"og:image\" content=\"https:\/\/www.trustedtranslations.com\/wp-content\/uploads\/2024\/02\/TT-ICON_On-site-Simultaneous-Int-1.webp\" \/>\n\t<meta property=\"og:image:width\" content=\"151\" \/>\n\t<meta property=\"og:image:height\" content=\"151\" \/>\n\t<meta property=\"og:image:type\" content=\"image\/webp\" \/>\n<meta name=\"twitter:card\" content=\"summary_large_image\" \/>\n<meta name=\"twitter:site\" content=\"@TrustedT9ns\" \/>\n<script type=\"application\/ld+json\" class=\"yoast-schema-graph\">{\"@context\":\"https:\\\/\\\/schema.org\",\"@graph\":[{\"@type\":\"WebPage\",\"@id\":\"https:\\\/\\\/www.trustedtranslations.com\\\/pt-br\\\/servicos\\\/servicos-de-pos-producao-de-midia\\\/servicos-de-dublagem\\\/servicos-de-dublagem-com-voz-humana\",\"url\":\"https:\\\/\\\/www.trustedtranslations.com\\\/pt-br\\\/servicos\\\/servicos-de-pos-producao-de-midia\\\/servicos-de-dublagem\\\/servicos-de-dublagem-com-voz-humana\",\"name\":\"Servi\u00e7os de dublagem com voz humana - Trusted Translations, Inc.\",\"isPartOf\":{\"@id\":\"https:\\\/\\\/www.trustedtranslations.com\\\/pt-br\\\/#website\"},\"primaryImageOfPage\":{\"@id\":\"https:\\\/\\\/www.trustedtranslations.com\\\/pt-br\\\/servicos\\\/servicos-de-pos-producao-de-midia\\\/servicos-de-dublagem\\\/servicos-de-dublagem-com-voz-humana#primaryimage\"},\"image\":{\"@id\":\"https:\\\/\\\/www.trustedtranslations.com\\\/pt-br\\\/servicos\\\/servicos-de-pos-producao-de-midia\\\/servicos-de-dublagem\\\/servicos-de-dublagem-com-voz-humana#primaryimage\"},\"thumbnailUrl\":\"https:\\\/\\\/www.trustedtranslations.com\\\/wp-content\\\/uploads\\\/2024\\\/02\\\/TT-ICON_On-site-Simultaneous-Int-1.webp\",\"breadcrumb\":{\"@id\":\"https:\\\/\\\/www.trustedtranslations.com\\\/pt-br\\\/servicos\\\/servicos-de-pos-producao-de-midia\\\/servicos-de-dublagem\\\/servicos-de-dublagem-com-voz-humana#breadcrumb\"},\"inLanguage\":\"pt-BR\",\"potentialAction\":[{\"@type\":\"ReadAction\",\"target\":[\"https:\\\/\\\/www.trustedtranslations.com\\\/pt-br\\\/servicos\\\/servicos-de-pos-producao-de-midia\\\/servicos-de-dublagem\\\/servicos-de-dublagem-com-voz-humana\"]}]},{\"@type\":\"ImageObject\",\"inLanguage\":\"pt-BR\",\"@id\":\"https:\\\/\\\/www.trustedtranslations.com\\\/pt-br\\\/servicos\\\/servicos-de-pos-producao-de-midia\\\/servicos-de-dublagem\\\/servicos-de-dublagem-com-voz-humana#primaryimage\",\"url\":\"https:\\\/\\\/www.trustedtranslations.com\\\/wp-content\\\/uploads\\\/2024\\\/02\\\/TT-ICON_On-site-Simultaneous-Int-1.webp\",\"contentUrl\":\"https:\\\/\\\/www.trustedtranslations.com\\\/wp-content\\\/uploads\\\/2024\\\/02\\\/TT-ICON_On-site-Simultaneous-Int-1.webp\",\"width\":151,\"height\":151,\"caption\":\"TT ICON On site Simultaneous Int 1\"},{\"@type\":\"BreadcrumbList\",\"@id\":\"https:\\\/\\\/www.trustedtranslations.com\\\/pt-br\\\/servicos\\\/servicos-de-pos-producao-de-midia\\\/servicos-de-dublagem\\\/servicos-de-dublagem-com-voz-humana#breadcrumb\",\"itemListElement\":[{\"@type\":\"ListItem\",\"position\":1,\"name\":\"Home\",\"item\":\"https:\\\/\\\/www.trustedtranslations.com\\\/pt-br\"},{\"@type\":\"ListItem\",\"position\":2,\"name\":\"Servi\u00e7os\",\"item\":\"https:\\\/\\\/www.trustedtranslations.com\\\/pt-br\\\/servicos\"},{\"@type\":\"ListItem\",\"position\":3,\"name\":\"Servi\u00e7os de p\u00f3s-produ\u00e7\u00e3o de m\u00eddia\",\"item\":\"https:\\\/\\\/www.trustedtranslations.com\\\/pt-br\\\/servicos\\\/servicos-de-pos-producao-de-midia\"},{\"@type\":\"ListItem\",\"position\":4,\"name\":\"Servi\u00e7os de dublagem\",\"item\":\"https:\\\/\\\/www.trustedtranslations.com\\\/pt-br\\\/servicos\\\/servicos-de-pos-producao-de-midia\\\/servicos-de-dublagem\"},{\"@type\":\"ListItem\",\"position\":5,\"name\":\"Servi\u00e7os de dublagem com voz humana\"}]},{\"@type\":\"WebSite\",\"@id\":\"https:\\\/\\\/www.trustedtranslations.com\\\/pt-br\\\/#website\",\"url\":\"https:\\\/\\\/www.trustedtranslations.com\\\/pt-br\\\/\",\"name\":\"Trusted Translations, Inc.\",\"description\":\"Leader in translation and interpretation services.\",\"publisher\":{\"@id\":\"https:\\\/\\\/www.trustedtranslations.com\\\/pt-br\\\/#organization\"},\"alternateName\":\"Trusted Translations\",\"potentialAction\":[{\"@type\":\"SearchAction\",\"target\":{\"@type\":\"EntryPoint\",\"urlTemplate\":\"https:\\\/\\\/www.trustedtranslations.com\\\/pt-br\\\/?s={search_term_string}\"},\"query-input\":{\"@type\":\"PropertyValueSpecification\",\"valueRequired\":true,\"valueName\":\"search_term_string\"}}],\"inLanguage\":\"pt-BR\"},{\"@type\":\"Organization\",\"@id\":\"https:\\\/\\\/www.trustedtranslations.com\\\/pt-br\\\/#organization\",\"name\":\"Trusted Translations\",\"alternateName\":\"Trusted Translations, Inc.\",\"url\":\"https:\\\/\\\/www.trustedtranslations.com\\\/pt-br\\\/\",\"logo\":{\"@type\":\"ImageObject\",\"inLanguage\":\"pt-BR\",\"@id\":\"https:\\\/\\\/www.trustedtranslations.com\\\/pt-br\\\/#\\\/schema\\\/logo\\\/image\\\/\",\"url\":\"https:\\\/\\\/static.trustedtranslations.com\\\/wp-content\\\/uploads\\\/2022\\\/01\\\/TT_logo_WSIColors-2.png\",\"contentUrl\":\"https:\\\/\\\/static.trustedtranslations.com\\\/wp-content\\\/uploads\\\/2022\\\/01\\\/TT_logo_WSIColors-2.png\",\"width\":500,\"height\":196,\"caption\":\"Trusted Translations\"},\"image\":{\"@id\":\"https:\\\/\\\/www.trustedtranslations.com\\\/pt-br\\\/#\\\/schema\\\/logo\\\/image\\\/\"},\"sameAs\":[\"https:\\\/\\\/www.facebook.com\\\/Trusted.Translations\",\"https:\\\/\\\/x.com\\\/TrustedT9ns\",\"https:\\\/\\\/www.linkedin.com\\\/company\\\/trusted-translations\"]}]}<\/script>\n<!-- \/ Yoast SEO plugin. -->","yoast_head_json":{"title":"Servi\u00e7os de dublagem com voz humana - Trusted Translations, Inc.","robots":{"index":"index","follow":"follow","max-snippet":"max-snippet:-1","max-image-preview":"max-image-preview:large","max-video-preview":"max-video-preview:-1"},"canonical":"https:\/\/www.trustedtranslations.com\/pt-br\/servicos\/servicos-de-pos-producao-de-midia\/servicos-de-dublagem\/servicos-de-dublagem-com-voz-humana","og_locale":"pt_BR","og_type":"article","og_title":"Servi\u00e7os de dublagem com voz humana - Trusted Translations, Inc.","og_url":"https:\/\/www.trustedtranslations.com\/pt-br\/servicos\/servicos-de-pos-producao-de-midia\/servicos-de-dublagem\/servicos-de-dublagem-com-voz-humana","og_site_name":"Trusted Translations, Inc.","article_publisher":"https:\/\/www.facebook.com\/Trusted.Translations","article_modified_time":"2026-03-27T17:57:50+00:00","og_image":[{"width":151,"height":151,"url":"https:\/\/www.trustedtranslations.com\/wp-content\/uploads\/2024\/02\/TT-ICON_On-site-Simultaneous-Int-1.webp","type":"image\/webp"}],"twitter_card":"summary_large_image","twitter_site":"@TrustedT9ns","schema":{"@context":"https:\/\/schema.org","@graph":[{"@type":"WebPage","@id":"https:\/\/www.trustedtranslations.com\/pt-br\/servicos\/servicos-de-pos-producao-de-midia\/servicos-de-dublagem\/servicos-de-dublagem-com-voz-humana","url":"https:\/\/www.trustedtranslations.com\/pt-br\/servicos\/servicos-de-pos-producao-de-midia\/servicos-de-dublagem\/servicos-de-dublagem-com-voz-humana","name":"Servi\u00e7os de dublagem com voz humana - Trusted Translations, Inc.","isPartOf":{"@id":"https:\/\/www.trustedtranslations.com\/pt-br\/#website"},"primaryImageOfPage":{"@id":"https:\/\/www.trustedtranslations.com\/pt-br\/servicos\/servicos-de-pos-producao-de-midia\/servicos-de-dublagem\/servicos-de-dublagem-com-voz-humana#primaryimage"},"image":{"@id":"https:\/\/www.trustedtranslations.com\/pt-br\/servicos\/servicos-de-pos-producao-de-midia\/servicos-de-dublagem\/servicos-de-dublagem-com-voz-humana#primaryimage"},"thumbnailUrl":"https:\/\/www.trustedtranslations.com\/wp-content\/uploads\/2024\/02\/TT-ICON_On-site-Simultaneous-Int-1.webp","breadcrumb":{"@id":"https:\/\/www.trustedtranslations.com\/pt-br\/servicos\/servicos-de-pos-producao-de-midia\/servicos-de-dublagem\/servicos-de-dublagem-com-voz-humana#breadcrumb"},"inLanguage":"pt-BR","potentialAction":[{"@type":"ReadAction","target":["https:\/\/www.trustedtranslations.com\/pt-br\/servicos\/servicos-de-pos-producao-de-midia\/servicos-de-dublagem\/servicos-de-dublagem-com-voz-humana"]}]},{"@type":"ImageObject","inLanguage":"pt-BR","@id":"https:\/\/www.trustedtranslations.com\/pt-br\/servicos\/servicos-de-pos-producao-de-midia\/servicos-de-dublagem\/servicos-de-dublagem-com-voz-humana#primaryimage","url":"https:\/\/www.trustedtranslations.com\/wp-content\/uploads\/2024\/02\/TT-ICON_On-site-Simultaneous-Int-1.webp","contentUrl":"https:\/\/www.trustedtranslations.com\/wp-content\/uploads\/2024\/02\/TT-ICON_On-site-Simultaneous-Int-1.webp","width":151,"height":151,"caption":"TT ICON On site Simultaneous Int 1"},{"@type":"BreadcrumbList","@id":"https:\/\/www.trustedtranslations.com\/pt-br\/servicos\/servicos-de-pos-producao-de-midia\/servicos-de-dublagem\/servicos-de-dublagem-com-voz-humana#breadcrumb","itemListElement":[{"@type":"ListItem","position":1,"name":"Home","item":"https:\/\/www.trustedtranslations.com\/pt-br"},{"@type":"ListItem","position":2,"name":"Servi\u00e7os","item":"https:\/\/www.trustedtranslations.com\/pt-br\/servicos"},{"@type":"ListItem","position":3,"name":"Servi\u00e7os de p\u00f3s-produ\u00e7\u00e3o de m\u00eddia","item":"https:\/\/www.trustedtranslations.com\/pt-br\/servicos\/servicos-de-pos-producao-de-midia"},{"@type":"ListItem","position":4,"name":"Servi\u00e7os de dublagem","item":"https:\/\/www.trustedtranslations.com\/pt-br\/servicos\/servicos-de-pos-producao-de-midia\/servicos-de-dublagem"},{"@type":"ListItem","position":5,"name":"Servi\u00e7os de dublagem com voz humana"}]},{"@type":"WebSite","@id":"https:\/\/www.trustedtranslations.com\/pt-br\/#website","url":"https:\/\/www.trustedtranslations.com\/pt-br\/","name":"Trusted Translations, Inc.","description":"Leader in translation and interpretation services.","publisher":{"@id":"https:\/\/www.trustedtranslations.com\/pt-br\/#organization"},"alternateName":"Trusted Translations","potentialAction":[{"@type":"SearchAction","target":{"@type":"EntryPoint","urlTemplate":"https:\/\/www.trustedtranslations.com\/pt-br\/?s={search_term_string}"},"query-input":{"@type":"PropertyValueSpecification","valueRequired":true,"valueName":"search_term_string"}}],"inLanguage":"pt-BR"},{"@type":"Organization","@id":"https:\/\/www.trustedtranslations.com\/pt-br\/#organization","name":"Trusted Translations","alternateName":"Trusted Translations, Inc.","url":"https:\/\/www.trustedtranslations.com\/pt-br\/","logo":{"@type":"ImageObject","inLanguage":"pt-BR","@id":"https:\/\/www.trustedtranslations.com\/pt-br\/#\/schema\/logo\/image\/","url":"https:\/\/static.trustedtranslations.com\/wp-content\/uploads\/2022\/01\/TT_logo_WSIColors-2.png","contentUrl":"https:\/\/static.trustedtranslations.com\/wp-content\/uploads\/2022\/01\/TT_logo_WSIColors-2.png","width":500,"height":196,"caption":"Trusted Translations"},"image":{"@id":"https:\/\/www.trustedtranslations.com\/pt-br\/#\/schema\/logo\/image\/"},"sameAs":["https:\/\/www.facebook.com\/Trusted.Translations","https:\/\/x.com\/TrustedT9ns","https:\/\/www.linkedin.com\/company\/trusted-translations"]}]}},"toolset-meta":{"dyk":{"mensaje-1":{"type":"textfield","raw":"A dublagem com voz humana captura o tom, a emo\u00e7\u00e3o e as nuances de atua\u00e7\u00e3o que as vozes geradas por IA n\u00e3o conseguem replicar completamente."},"mensaje-2":{"type":"textfield","raw":"A dublagem profissional inclui adapta\u00e7\u00e3o do roteiro, dire\u00e7\u00e3o de voz e sincroniza\u00e7\u00e3o de \u00e1udio para garantir uma interpreta\u00e7\u00e3o natural em todos os idiomas."},"mensaje-3":{"type":"textfield","raw":"A dublagem com voz humana \u00e9 frequentemente preferida para conte\u00fados de marketing, de entretenimento e de treinamento de alto impacto, onde o engajamento do p\u00fablico \u00e9 fundamental."},"mensaje-4":{"type":"textfield","raw":"Locutores experientes ajudam a preservar a identidade da marca, mantendo a cad\u00eancia, o estilo e a presen\u00e7a vocal consistentes em projetos multil\u00edngues."},"mensaje-5":{"type":"textfield","raw":""},"mensaje-6":{"type":"textfield","raw":""}},"single-page-template-fields":{"imgs-temp":{"type":"image","raw":["https:\/\/www.trustedtranslations.com\/wp-content\/uploads\/2026\/02\/human-voice.webp"],"repeatable":[{"raw":"https:\/\/www.trustedtranslations.com\/wp-content\/uploads\/2026\/02\/human-voice.webp","attachment_id":293735}]},"imgs-temp-cel":{"type":"image","raw":[""],"repeatable":[{"raw":""}]},"img-temp-one-cel":{"type":"image","raw":"","attachment_id":null},"quotes":{"type":"textarea","raw":"<h1 style=\"margin-bottom: 12px;\">Servi\u00e7os de dublagem com voz humana<\/h1>A Trusted Translations oferece servi\u00e7os profissionais de dublagem com voz humana para organiza\u00e7\u00f5es que necessitam narra\u00e7\u00f5es com qualidade de est\u00fadio e entona\u00e7\u00e3o natural. Essa op\u00e7\u00e3o \u00e9 a escolha padr\u00e3o quando os clientes solicitam dublagem, locu\u00e7\u00e3o, grava\u00e7\u00e3o de voz ou dubladores profissionais. \r\n\r\nA dublagem com voz humana oferece o mais alto n\u00edvel de qualidade de \u00e1udio e \u00e9 recomendada quando autenticidade, controle de tom e envolvimento do p\u00fablico s\u00e3o essenciais. <div style=\"margin-top: 2.5vw;\"><a class=\"tt-btn-main-cta\" href=\"\/pt-br\/solicitud-orcamento\">Solicite um or\u00e7amento gratuito<\/a><\/div>"},"text-1":{"type":"textarea","raw":"<h2>Dublagem profissional com locutores humanos<\/h2>\r\n\r\n<p>A dublagem com voz humana substitui o \u00e1udio original falado por vozes gravadas profissionalmente no idioma de destino. Essa abordagem \u00e9 ideal para conte\u00fados que exigem um estilo de leitura natural, pron\u00fancia clara e som com qualidade de est\u00fadio.<\/p>\r\n\r\n<p>A Trusted Translations trabalha exclusivamente a partir da fonte original de \u00e1udio ou v\u00eddeo para garantir alinhamento, sincroniza\u00e7\u00e3o e entrega precisos. A dublagem com voz humana \u00e9 a op\u00e7\u00e3o padr\u00e3o, a menos que o cliente solicite explicitamente vozes sint\u00e9ticas ou geradas por IA.<\/p>\r\n\r\n<h3>O que voc\u00ea recebe<\/h3>\r\n\r\n<p>A Trusted Translations entrega arquivos de dublagem com voz humana projetados para fluxos de trabalho profissionais de p\u00f3s-produ\u00e7\u00e3o, incluindo:<\/p>\r\n\r\n<ul>\r\n  <li>Faixas de voz gravadas em est\u00fadio no idioma de destino<\/li>\r\n  <li>Ritmo, cad\u00eancia e pron\u00fancia naturais<\/li>\r\n  <li>\u00c1udio alinhado ao conte\u00fado original da fonte<\/li>\r\n  <li>Arquivos limpos e prontos para produ\u00e7\u00e3o, preparados para entrega final<\/li>\r\n<\/ul>\r\n\r\n<p>Op\u00e7\u00f5es adicionais como sincroniza\u00e7\u00e3o labial, interpreta\u00e7\u00e3o de personagens ou m\u00faltiplos falantes podem ser implementadas dependendo das exig\u00eancias do projeto e podem afetar o cronograma e o custo.<\/p>\r\n\r\n<h3>Qualidade e confidencialidade<\/h3>\r\n\r\n<p>A Trusted Translations segue rigorosos padr\u00f5es de confidencialidade e qualidade em todos os seus projetos de dublagem com voz humana. Nossa equipe garante precis\u00e3o, consist\u00eancia e qualidade de \u00e1udio profissional em todas as etapas do processo.<\/p>\r\n\r\n<p>Nossos processos se alinham com as normas ISO 9001, oferecendo suporte \u00e0 gest\u00e3o de qualidade, precis\u00e3o lingu\u00edstica e melhores pr\u00e1ticas de p\u00f3s-edi\u00e7\u00e3o em todos os servi\u00e7os de dublagem.<\/p>"},"shortcode-map":{"type":"textfield","raw":""},"dyk-shortcode":{"type":"textfield","raw":"[elementor-template id=\"147273\"]"},"text-2":{"type":"textarea","raw":"<h2>Como a dublagem com voz humana auxilia na distribui\u00e7\u00e3o do conte\u00fado<\/h2>\r\n\r\n<p>A dublagem com voz humana \u00e9 recomendada quando o conte\u00fado exige um alto n\u00edvel de realismo e envolvimento do p\u00fablico. Os projetos s\u00e3o conduzidos utilizando a fonte original de \u00e1udio ou v\u00eddeo, permitindo sincroniza\u00e7\u00e3o, alinhamento e controle de qualidade precisos em toda a p\u00f3s-produ\u00e7\u00e3o.<\/p>\r\n\r\n<p>A dublagem com voz humana \u00e9 normalmente usada para:<\/p>\r\n\r\n<ul>\r\n  <li>Programas de treinamento e eLearning<\/li>\r\n  <li>Conte\u00fados de v\u00eddeo voltados para marketing e marcas<\/li>\r\n  <li>Comunica\u00e7\u00e3o corporativa e mensagens de executivos<\/li>\r\n  <li>Materiais educativos e de integra\u00e7\u00e3o<\/li>\r\n  <li>Conte\u00fados que exijam tom profissional e entrega natural<\/li>\r\n<\/ul>\r\n\r\n<p>Projetos de dublagem com voz humana geralmente envolvem a coordena\u00e7\u00e3o entre equipes lingu\u00edsticas, especialistas em p\u00f3s-produ\u00e7\u00e3o e cronogramas de entrega. A Trusted Translations gerencia esse processo atrav\u00e9s de fluxos de trabalho estruturados e controles de qualidade rigorosos, garantindo que o \u00e1udio final se integre perfeitamente ao seu ambiente de produ\u00e7\u00e3o.<\/p>"},"state":{"type":"textfield","raw":""},"city":{"type":"textarea","raw":[""]}}},"_links":{"self":[{"href":"https:\/\/www.trustedtranslations.com\/pt-br\/wp-json\/wp\/v2\/pages\/294151","targetHints":{"allow":["GET"]}}],"collection":[{"href":"https:\/\/www.trustedtranslations.com\/pt-br\/wp-json\/wp\/v2\/pages"}],"about":[{"href":"https:\/\/www.trustedtranslations.com\/pt-br\/wp-json\/wp\/v2\/types\/page"}],"author":[{"embeddable":true,"href":"https:\/\/www.trustedtranslations.com\/pt-br\/wp-json\/wp\/v2\/users\/1"}],"replies":[{"embeddable":true,"href":"https:\/\/www.trustedtranslations.com\/pt-br\/wp-json\/wp\/v2\/comments?post=294151"}],"version-history":[{"count":1,"href":"https:\/\/www.trustedtranslations.com\/pt-br\/wp-json\/wp\/v2\/pages\/294151\/revisions"}],"predecessor-version":[{"id":294254,"href":"https:\/\/www.trustedtranslations.com\/pt-br\/wp-json\/wp\/v2\/pages\/294151\/revisions\/294254"}],"up":[{"embeddable":true,"href":"https:\/\/www.trustedtranslations.com\/pt-br\/wp-json\/wp\/v2\/pages\/294119"}],"wp:featuredmedia":[{"embeddable":true,"href":"https:\/\/www.trustedtranslations.com\/pt-br\/wp-json\/wp\/v2\/media\/246607"}],"wp:attachment":[{"href":"https:\/\/www.trustedtranslations.com\/pt-br\/wp-json\/wp\/v2\/media?parent=294151"}],"curies":[{"name":"wp","href":"https:\/\/api.w.org\/{rel}","templated":true}]}}