{"id":294161,"date":"2026-03-12T12:14:48","date_gmt":"2026-03-12T15:14:48","guid":{"rendered":"https:\/\/www.trustedtranslations.com\/?page_id=294161"},"modified":"2026-03-27T14:57:58","modified_gmt":"2026-03-27T17:57:58","slug":"dublagem-de-voz-por-ia-com-revisao-humana","status":"publish","type":"page","link":"https:\/\/www.trustedtranslations.com\/pt-br\/servicos\/servicos-de-pos-producao-de-midia\/servicos-de-dublagem\/dublagem-de-voz-por-ia-com-revisao-humana","title":{"rendered":"Dublagem de voz por IA com revis\u00e3o humana"},"content":{"rendered":"","protected":false},"excerpt":{"rendered":"","protected":false},"author":1,"featured_media":248063,"parent":294119,"menu_order":0,"comment_status":"closed","ping_status":"closed","template":"","meta":{"site-sidebar-layout":"default","site-content-layout":"","ast-site-content-layout":"default","site-content-style":"default","site-sidebar-style":"default","ast-global-header-display":"","ast-banner-title-visibility":"","ast-main-header-display":"","ast-hfb-above-header-display":"","ast-hfb-below-header-display":"","ast-hfb-mobile-header-display":"","site-post-title":"","ast-breadcrumbs-content":"","ast-featured-img":"","footer-sml-layout":"","ast-disable-related-posts":"","theme-transparent-header-meta":"default","adv-header-id-meta":"","stick-header-meta":"","header-above-stick-meta":"","header-main-stick-meta":"","header-below-stick-meta":"","astra-migrate-meta-layouts":"set","ast-page-background-enabled":"default","ast-page-background-meta":{"desktop":{"background-color":"var(--ast-global-color-4)","background-image":"","background-repeat":"repeat","background-position":"center center","background-size":"auto","background-attachment":"scroll","background-type":"","background-media":"","overlay-type":"","overlay-color":"","overlay-opacity":"","overlay-gradient":""},"tablet":{"background-color":"","background-image":"","background-repeat":"repeat","background-position":"center center","background-size":"auto","background-attachment":"scroll","background-type":"","background-media":"","overlay-type":"","overlay-color":"","overlay-opacity":"","overlay-gradient":""},"mobile":{"background-color":"","background-image":"","background-repeat":"repeat","background-position":"center center","background-size":"auto","background-attachment":"scroll","background-type":"","background-media":"","overlay-type":"","overlay-color":"","overlay-opacity":"","overlay-gradient":""}},"ast-content-background-meta":{"desktop":{"background-color":"var(--ast-global-color-5)","background-image":"","background-repeat":"repeat","background-position":"center center","background-size":"auto","background-attachment":"scroll","background-type":"","background-media":"","overlay-type":"","overlay-color":"","overlay-opacity":"","overlay-gradient":""},"tablet":{"background-color":"var(--ast-global-color-5)","background-image":"","background-repeat":"repeat","background-position":"center center","background-size":"auto","background-attachment":"scroll","background-type":"","background-media":"","overlay-type":"","overlay-color":"","overlay-opacity":"","overlay-gradient":""},"mobile":{"background-color":"var(--ast-global-color-5)","background-image":"","background-repeat":"repeat","background-position":"center center","background-size":"auto","background-attachment":"scroll","background-type":"","background-media":"","overlay-type":"","overlay-color":"","overlay-opacity":"","overlay-gradient":""}},"footnotes":""},"class_list":["post-294161","page","type-page","status-publish","has-post-thumbnail","hentry"],"yoast_head":"<!-- This site is optimized with the Yoast SEO plugin v27.5 - https:\/\/yoast.com\/product\/yoast-seo-wordpress\/ -->\n<title>Dublagem de voz por IA com revis\u00e3o humana - Trusted Translations, Inc.<\/title>\n<meta name=\"robots\" content=\"index, follow, max-snippet:-1, max-image-preview:large, max-video-preview:-1\" \/>\n<link rel=\"canonical\" href=\"https:\/\/www.trustedtranslations.com\/pt-br\/servicos\/servicos-de-pos-producao-de-midia\/servicos-de-dublagem\/dublagem-de-voz-por-ia-com-revisao-humana\" \/>\n<meta property=\"og:locale\" content=\"pt_BR\" \/>\n<meta property=\"og:type\" content=\"article\" \/>\n<meta property=\"og:title\" content=\"Dublagem de voz por IA com revis\u00e3o humana - Trusted Translations, Inc.\" \/>\n<meta property=\"og:url\" content=\"https:\/\/www.trustedtranslations.com\/pt-br\/servicos\/servicos-de-pos-producao-de-midia\/servicos-de-dublagem\/dublagem-de-voz-por-ia-com-revisao-humana\" \/>\n<meta property=\"og:site_name\" content=\"Trusted Translations, Inc.\" \/>\n<meta property=\"article:publisher\" content=\"https:\/\/www.facebook.com\/Trusted.Translations\" \/>\n<meta property=\"article:modified_time\" content=\"2026-03-27T17:57:58+00:00\" \/>\n<meta property=\"og:image\" content=\"https:\/\/www.trustedtranslations.com\/wp-content\/uploads\/2024\/02\/Recurso-9-1.png\" \/>\n\t<meta property=\"og:image:width\" content=\"150\" \/>\n\t<meta property=\"og:image:height\" content=\"150\" \/>\n\t<meta property=\"og:image:type\" content=\"image\/png\" \/>\n<meta name=\"twitter:card\" content=\"summary_large_image\" \/>\n<meta name=\"twitter:site\" content=\"@TrustedT9ns\" \/>\n<script type=\"application\/ld+json\" class=\"yoast-schema-graph\">{\"@context\":\"https:\\\/\\\/schema.org\",\"@graph\":[{\"@type\":\"WebPage\",\"@id\":\"https:\\\/\\\/www.trustedtranslations.com\\\/pt-br\\\/servicos\\\/servicos-de-pos-producao-de-midia\\\/servicos-de-dublagem\\\/dublagem-de-voz-por-ia-com-revisao-humana\",\"url\":\"https:\\\/\\\/www.trustedtranslations.com\\\/pt-br\\\/servicos\\\/servicos-de-pos-producao-de-midia\\\/servicos-de-dublagem\\\/dublagem-de-voz-por-ia-com-revisao-humana\",\"name\":\"Dublagem de voz por IA com revis\u00e3o humana - Trusted Translations, Inc.\",\"isPartOf\":{\"@id\":\"https:\\\/\\\/www.trustedtranslations.com\\\/pt-br\\\/#website\"},\"primaryImageOfPage\":{\"@id\":\"https:\\\/\\\/www.trustedtranslations.com\\\/pt-br\\\/servicos\\\/servicos-de-pos-producao-de-midia\\\/servicos-de-dublagem\\\/dublagem-de-voz-por-ia-com-revisao-humana#primaryimage\"},\"image\":{\"@id\":\"https:\\\/\\\/www.trustedtranslations.com\\\/pt-br\\\/servicos\\\/servicos-de-pos-producao-de-midia\\\/servicos-de-dublagem\\\/dublagem-de-voz-por-ia-com-revisao-humana#primaryimage\"},\"thumbnailUrl\":\"https:\\\/\\\/www.trustedtranslations.com\\\/wp-content\\\/uploads\\\/2024\\\/02\\\/Recurso-9-1.png\",\"breadcrumb\":{\"@id\":\"https:\\\/\\\/www.trustedtranslations.com\\\/pt-br\\\/servicos\\\/servicos-de-pos-producao-de-midia\\\/servicos-de-dublagem\\\/dublagem-de-voz-por-ia-com-revisao-humana#breadcrumb\"},\"inLanguage\":\"pt-BR\",\"potentialAction\":[{\"@type\":\"ReadAction\",\"target\":[\"https:\\\/\\\/www.trustedtranslations.com\\\/pt-br\\\/servicos\\\/servicos-de-pos-producao-de-midia\\\/servicos-de-dublagem\\\/dublagem-de-voz-por-ia-com-revisao-humana\"]}]},{\"@type\":\"ImageObject\",\"inLanguage\":\"pt-BR\",\"@id\":\"https:\\\/\\\/www.trustedtranslations.com\\\/pt-br\\\/servicos\\\/servicos-de-pos-producao-de-midia\\\/servicos-de-dublagem\\\/dublagem-de-voz-por-ia-com-revisao-humana#primaryimage\",\"url\":\"https:\\\/\\\/www.trustedtranslations.com\\\/wp-content\\\/uploads\\\/2024\\\/02\\\/Recurso-9-1.png\",\"contentUrl\":\"https:\\\/\\\/www.trustedtranslations.com\\\/wp-content\\\/uploads\\\/2024\\\/02\\\/Recurso-9-1.png\",\"width\":150,\"height\":150,\"caption\":\"Recurso 9 1\"},{\"@type\":\"BreadcrumbList\",\"@id\":\"https:\\\/\\\/www.trustedtranslations.com\\\/pt-br\\\/servicos\\\/servicos-de-pos-producao-de-midia\\\/servicos-de-dublagem\\\/dublagem-de-voz-por-ia-com-revisao-humana#breadcrumb\",\"itemListElement\":[{\"@type\":\"ListItem\",\"position\":1,\"name\":\"Home\",\"item\":\"https:\\\/\\\/www.trustedtranslations.com\\\/pt-br\"},{\"@type\":\"ListItem\",\"position\":2,\"name\":\"Servi\u00e7os\",\"item\":\"https:\\\/\\\/www.trustedtranslations.com\\\/pt-br\\\/servicos\"},{\"@type\":\"ListItem\",\"position\":3,\"name\":\"Servi\u00e7os de p\u00f3s-produ\u00e7\u00e3o de m\u00eddia\",\"item\":\"https:\\\/\\\/www.trustedtranslations.com\\\/pt-br\\\/servicos\\\/servicos-de-pos-producao-de-midia\"},{\"@type\":\"ListItem\",\"position\":4,\"name\":\"Servi\u00e7os de dublagem\",\"item\":\"https:\\\/\\\/www.trustedtranslations.com\\\/pt-br\\\/servicos\\\/servicos-de-pos-producao-de-midia\\\/servicos-de-dublagem\"},{\"@type\":\"ListItem\",\"position\":5,\"name\":\"Dublagem de voz por IA com revis\u00e3o humana\"}]},{\"@type\":\"WebSite\",\"@id\":\"https:\\\/\\\/www.trustedtranslations.com\\\/pt-br\\\/#website\",\"url\":\"https:\\\/\\\/www.trustedtranslations.com\\\/pt-br\\\/\",\"name\":\"Trusted Translations, Inc.\",\"description\":\"Leader in translation and interpretation services.\",\"publisher\":{\"@id\":\"https:\\\/\\\/www.trustedtranslations.com\\\/pt-br\\\/#organization\"},\"alternateName\":\"Trusted Translations\",\"potentialAction\":[{\"@type\":\"SearchAction\",\"target\":{\"@type\":\"EntryPoint\",\"urlTemplate\":\"https:\\\/\\\/www.trustedtranslations.com\\\/pt-br\\\/?s={search_term_string}\"},\"query-input\":{\"@type\":\"PropertyValueSpecification\",\"valueRequired\":true,\"valueName\":\"search_term_string\"}}],\"inLanguage\":\"pt-BR\"},{\"@type\":\"Organization\",\"@id\":\"https:\\\/\\\/www.trustedtranslations.com\\\/pt-br\\\/#organization\",\"name\":\"Trusted Translations\",\"alternateName\":\"Trusted Translations, Inc.\",\"url\":\"https:\\\/\\\/www.trustedtranslations.com\\\/pt-br\\\/\",\"logo\":{\"@type\":\"ImageObject\",\"inLanguage\":\"pt-BR\",\"@id\":\"https:\\\/\\\/www.trustedtranslations.com\\\/pt-br\\\/#\\\/schema\\\/logo\\\/image\\\/\",\"url\":\"https:\\\/\\\/static.trustedtranslations.com\\\/wp-content\\\/uploads\\\/2022\\\/01\\\/TT_logo_WSIColors-2.png\",\"contentUrl\":\"https:\\\/\\\/static.trustedtranslations.com\\\/wp-content\\\/uploads\\\/2022\\\/01\\\/TT_logo_WSIColors-2.png\",\"width\":500,\"height\":196,\"caption\":\"Trusted Translations\"},\"image\":{\"@id\":\"https:\\\/\\\/www.trustedtranslations.com\\\/pt-br\\\/#\\\/schema\\\/logo\\\/image\\\/\"},\"sameAs\":[\"https:\\\/\\\/www.facebook.com\\\/Trusted.Translations\",\"https:\\\/\\\/x.com\\\/TrustedT9ns\",\"https:\\\/\\\/www.linkedin.com\\\/company\\\/trusted-translations\"]}]}<\/script>\n<!-- \/ Yoast SEO plugin. -->","yoast_head_json":{"title":"Dublagem de voz por IA com revis\u00e3o humana - Trusted Translations, Inc.","robots":{"index":"index","follow":"follow","max-snippet":"max-snippet:-1","max-image-preview":"max-image-preview:large","max-video-preview":"max-video-preview:-1"},"canonical":"https:\/\/www.trustedtranslations.com\/pt-br\/servicos\/servicos-de-pos-producao-de-midia\/servicos-de-dublagem\/dublagem-de-voz-por-ia-com-revisao-humana","og_locale":"pt_BR","og_type":"article","og_title":"Dublagem de voz por IA com revis\u00e3o humana - Trusted Translations, Inc.","og_url":"https:\/\/www.trustedtranslations.com\/pt-br\/servicos\/servicos-de-pos-producao-de-midia\/servicos-de-dublagem\/dublagem-de-voz-por-ia-com-revisao-humana","og_site_name":"Trusted Translations, Inc.","article_publisher":"https:\/\/www.facebook.com\/Trusted.Translations","article_modified_time":"2026-03-27T17:57:58+00:00","og_image":[{"width":150,"height":150,"url":"https:\/\/www.trustedtranslations.com\/wp-content\/uploads\/2024\/02\/Recurso-9-1.png","type":"image\/png"}],"twitter_card":"summary_large_image","twitter_site":"@TrustedT9ns","schema":{"@context":"https:\/\/schema.org","@graph":[{"@type":"WebPage","@id":"https:\/\/www.trustedtranslations.com\/pt-br\/servicos\/servicos-de-pos-producao-de-midia\/servicos-de-dublagem\/dublagem-de-voz-por-ia-com-revisao-humana","url":"https:\/\/www.trustedtranslations.com\/pt-br\/servicos\/servicos-de-pos-producao-de-midia\/servicos-de-dublagem\/dublagem-de-voz-por-ia-com-revisao-humana","name":"Dublagem de voz por IA com revis\u00e3o humana - Trusted Translations, Inc.","isPartOf":{"@id":"https:\/\/www.trustedtranslations.com\/pt-br\/#website"},"primaryImageOfPage":{"@id":"https:\/\/www.trustedtranslations.com\/pt-br\/servicos\/servicos-de-pos-producao-de-midia\/servicos-de-dublagem\/dublagem-de-voz-por-ia-com-revisao-humana#primaryimage"},"image":{"@id":"https:\/\/www.trustedtranslations.com\/pt-br\/servicos\/servicos-de-pos-producao-de-midia\/servicos-de-dublagem\/dublagem-de-voz-por-ia-com-revisao-humana#primaryimage"},"thumbnailUrl":"https:\/\/www.trustedtranslations.com\/wp-content\/uploads\/2024\/02\/Recurso-9-1.png","breadcrumb":{"@id":"https:\/\/www.trustedtranslations.com\/pt-br\/servicos\/servicos-de-pos-producao-de-midia\/servicos-de-dublagem\/dublagem-de-voz-por-ia-com-revisao-humana#breadcrumb"},"inLanguage":"pt-BR","potentialAction":[{"@type":"ReadAction","target":["https:\/\/www.trustedtranslations.com\/pt-br\/servicos\/servicos-de-pos-producao-de-midia\/servicos-de-dublagem\/dublagem-de-voz-por-ia-com-revisao-humana"]}]},{"@type":"ImageObject","inLanguage":"pt-BR","@id":"https:\/\/www.trustedtranslations.com\/pt-br\/servicos\/servicos-de-pos-producao-de-midia\/servicos-de-dublagem\/dublagem-de-voz-por-ia-com-revisao-humana#primaryimage","url":"https:\/\/www.trustedtranslations.com\/wp-content\/uploads\/2024\/02\/Recurso-9-1.png","contentUrl":"https:\/\/www.trustedtranslations.com\/wp-content\/uploads\/2024\/02\/Recurso-9-1.png","width":150,"height":150,"caption":"Recurso 9 1"},{"@type":"BreadcrumbList","@id":"https:\/\/www.trustedtranslations.com\/pt-br\/servicos\/servicos-de-pos-producao-de-midia\/servicos-de-dublagem\/dublagem-de-voz-por-ia-com-revisao-humana#breadcrumb","itemListElement":[{"@type":"ListItem","position":1,"name":"Home","item":"https:\/\/www.trustedtranslations.com\/pt-br"},{"@type":"ListItem","position":2,"name":"Servi\u00e7os","item":"https:\/\/www.trustedtranslations.com\/pt-br\/servicos"},{"@type":"ListItem","position":3,"name":"Servi\u00e7os de p\u00f3s-produ\u00e7\u00e3o de m\u00eddia","item":"https:\/\/www.trustedtranslations.com\/pt-br\/servicos\/servicos-de-pos-producao-de-midia"},{"@type":"ListItem","position":4,"name":"Servi\u00e7os de dublagem","item":"https:\/\/www.trustedtranslations.com\/pt-br\/servicos\/servicos-de-pos-producao-de-midia\/servicos-de-dublagem"},{"@type":"ListItem","position":5,"name":"Dublagem de voz por IA com revis\u00e3o humana"}]},{"@type":"WebSite","@id":"https:\/\/www.trustedtranslations.com\/pt-br\/#website","url":"https:\/\/www.trustedtranslations.com\/pt-br\/","name":"Trusted Translations, Inc.","description":"Leader in translation and interpretation services.","publisher":{"@id":"https:\/\/www.trustedtranslations.com\/pt-br\/#organization"},"alternateName":"Trusted Translations","potentialAction":[{"@type":"SearchAction","target":{"@type":"EntryPoint","urlTemplate":"https:\/\/www.trustedtranslations.com\/pt-br\/?s={search_term_string}"},"query-input":{"@type":"PropertyValueSpecification","valueRequired":true,"valueName":"search_term_string"}}],"inLanguage":"pt-BR"},{"@type":"Organization","@id":"https:\/\/www.trustedtranslations.com\/pt-br\/#organization","name":"Trusted Translations","alternateName":"Trusted Translations, Inc.","url":"https:\/\/www.trustedtranslations.com\/pt-br\/","logo":{"@type":"ImageObject","inLanguage":"pt-BR","@id":"https:\/\/www.trustedtranslations.com\/pt-br\/#\/schema\/logo\/image\/","url":"https:\/\/static.trustedtranslations.com\/wp-content\/uploads\/2022\/01\/TT_logo_WSIColors-2.png","contentUrl":"https:\/\/static.trustedtranslations.com\/wp-content\/uploads\/2022\/01\/TT_logo_WSIColors-2.png","width":500,"height":196,"caption":"Trusted Translations"},"image":{"@id":"https:\/\/www.trustedtranslations.com\/pt-br\/#\/schema\/logo\/image\/"},"sameAs":["https:\/\/www.facebook.com\/Trusted.Translations","https:\/\/x.com\/TrustedT9ns","https:\/\/www.linkedin.com\/company\/trusted-translations"]}]}},"toolset-meta":{"dyk":{"mensaje-1":{"type":"textfield","raw":"A dublagem de voz por IA combina a gera\u00e7\u00e3o automatizada de voz com a revis\u00e3o lingu\u00edstica humana para melhorar a pron\u00fancia, o tom e a precis\u00e3o da mensagem."},"mensaje-2":{"type":"textfield","raw":"A dublagem por IA com revis\u00e3o humana ajuda a manter a consist\u00eancia da voz da marca em v\u00e1rios idiomas e o conte\u00fado de v\u00eddeo recorrente."},"mensaje-3":{"type":"textfield","raw":"A dublagem de voz por IA pode reduzir significativamente os prazos de produ\u00e7\u00e3o, permitindo ainda o controle de qualidade por meio da p\u00f3s-edi\u00e7\u00e3o e da supervis\u00e3o lingu\u00edstica."},"mensaje-4":{"type":"textfield","raw":"A dublagem por IA com revis\u00e3o humana \u00e9 ideal para conte\u00fados de treinamento, comunica\u00e7\u00f5es corporativas e fluxos de trabalho de v\u00eddeo multil\u00edngues dimension\u00e1veis."},"mensaje-5":{"type":"textfield","raw":""},"mensaje-6":{"type":"textfield","raw":""}},"single-page-template-fields":{"imgs-temp":{"type":"image","raw":["https:\/\/www.trustedtranslations.com\/wp-content\/uploads\/2026\/02\/ai-review.webp"],"repeatable":[{"raw":"https:\/\/www.trustedtranslations.com\/wp-content\/uploads\/2026\/02\/ai-review.webp","attachment_id":293653}]},"imgs-temp-cel":{"type":"image","raw":[""],"repeatable":[{"raw":""}]},"img-temp-one-cel":{"type":"image","raw":"","attachment_id":null},"quotes":{"type":"textarea","raw":"<h1 style=\"margin-bottom: 12px;\">Dublagem de voz por IA com revis\u00e3o humana<\/h1>A Trusted Translations oferece dublagem de voz gerada por IA com revis\u00e3o humana como uma alternativa econ\u00f4mica para produ\u00e7\u00e3o de \u00e1udio multil\u00edngue. Este servi\u00e7o foi concebido para projetos onde a velocidade e a expansividade s\u00e3o prioridades, mantendo, ao mesmo tempo, a supervis\u00e3o lingu\u00edstica e o controle de qualidade. \r\n\r\nA dublagem por IA com revis\u00e3o humana \u00e9 oferecida como uma alternativa \u00e0 dublagem com voz humana, quando compat\u00edvel com o conte\u00fado original e as exig\u00eancias lingu\u00edsticas. <div style=\"margin-top: 2.5vw;\"><a class=\"tt-btn-main-cta\" href=\"\/pt-br\/solicitud-orcamento\">Solicite um or\u00e7amento gratuito<\/a><\/div>"},"text-1":{"type":"textarea","raw":"<h2>Dublagem de voz dimension\u00e1vel por IA com supervis\u00e3o humana<\/h2>\r\n\r\n<p>A dublagem de voz por IA utiliza fala sint\u00e9tica gerada a partir do \u00e1udio ou v\u00eddeo originais. Essa abordagem permite um prazo de entrega mais curto e custos reduzidos em compara\u00e7\u00e3o com locu\u00e7\u00f5es gravadas em est\u00fadio.<\/p>\r\n\r\n<p>A Trusted Translations trabalha exclusivamente a partir do arquivo de m\u00eddia original. A dublagem por IA n\u00e3o \u00e9 recomendada quando a qualidade do \u00e1udio original impede uma transcri\u00e7\u00e3o ou alinhamento precisos. A viabilidade \u00e9 avaliada por especialistas em p\u00f3s-produ\u00e7\u00e3o, caso a caso.<\/p>\r\n\r\n<p>\u00c9 importante ressaltar que as vozes geradas por IA, mesmo com revis\u00e3o humana, n\u00e3o replicam a mesma qualidade de \u00e1udio ou n\u00edvel de desempenho que as vozes humanas gravadas em est\u00fadio.<\/p>\r\n\r\n<h3>O que voc\u00ea recebe<\/h3>\r\n\r\n<p>A Trusted Translations oferece dublagem de voz por IA com revis\u00e3o humana, incluindo:<\/p>\r\n\r\n<ul>\r\n  <li>Narra\u00e7\u00e3o de voz gerada por IA no idioma de destino<\/li>\r\n  <li>Revis\u00e3o humana da precis\u00e3o da transcri\u00e7\u00e3o<\/li>\r\n  <li>Revis\u00e3o humana da precis\u00e3o da tradu\u00e7\u00e3o<\/li>\r\n  <li>Revis\u00e3o de quest\u00f5es sonoras, de pron\u00fancia e de cad\u00eancia<\/li>\r\n  <li>Corre\u00e7\u00e3o seletiva ou regenera\u00e7\u00e3o de segmentos problem\u00e1ticos<\/li>\r\n  <li>Entrega apenas do \u00e1udio ou do v\u00eddeo dublado<\/li>\r\n<\/ul>\r\n\r\n<p>Arquivos de legendas opcionais no idioma de destino tamb\u00e9m podem ser fornecidos mediante solicita\u00e7\u00e3o.<\/p>\r\n\r\n<h3>Qualidade e confidencialidade<\/h3>\r\n\r\n<p>A Trusted Translations segue rigorosos padr\u00f5es de confidencialidade e qualidade a todos os projetos de dublagem de voz por IA. A revis\u00e3o humana se integra ao fluxo de trabalho para garantir a precis\u00e3o lingu\u00edstica e a consist\u00eancia do conte\u00fado.<\/p>\r\n\r\n<p>Nossos processos se alinham com as normas ISO 9001, ISO 17100 e ISO 18587, oferecendo suporte \u00e0 gest\u00e3o de qualidade, precis\u00e3o lingu\u00edstica e melhores pr\u00e1ticas de p\u00f3s-edi\u00e7\u00e3o em todos os fluxos de trabalho de dublagem assistida por IA.<\/p>"},"shortcode-map":{"type":"textfield","raw":""},"dyk-shortcode":{"type":"textfield","raw":"[elementor-template id=\"147273\"]"},"text-2":{"type":"textarea","raw":"<h2>Como a dublagem de voz por IA se adapta \u00e0s necessidades de produ\u00e7\u00e3o<\/h2>\r\n\r\n<p>A dublagem de voz por IA com revis\u00e3o humana \u00e9 adequada quando os projetos exigem prazos de entrega mais r\u00e1pidos, or\u00e7amentos controlados e entrega multil\u00edngue dimension\u00e1vel. Ela geralmente \u00e9 oferecida como uma alternativa \u00e0 dublagem com voz humana, permitindo que as organiza\u00e7\u00f5es escolham a abordagem que melhor se encaixa em seus objetivos de produ\u00e7\u00e3o.<\/p>\r\n\r\n<p>Este servi\u00e7o \u00e9 normalmente utilizado para:<\/p>\r\n\r\n<ul>\r\n  <li>Treinamentos internos e conte\u00fado informativo<\/li>\r\n  <li>Grandes bibliotecas de conte\u00fado com atualiza\u00e7\u00f5es frequentes<\/li>\r\n  <li>Projetos que exigem implementa\u00e7\u00e3o multil\u00edngue r\u00e1pida<\/li>\r\n  <li>Conte\u00fado onde velocidade e expansividade s\u00e3o priorizadas em detrimento de nuances de desempenho<\/li>\r\n<\/ul>\r\n\r\n<p>Projetos de dublagem de voz por IA exigem uma avalia\u00e7\u00e3o cuidadosa da qualidade do \u00e1udio original, suporte lingu\u00edstico e expectativas de entrega. A Trusted Translations cuida desse processo atrav\u00e9s de fluxos de trabalho definidos e revis\u00e3o humana, garantindo que o resultado gerado por IA atenda aos padr\u00f5es profissionais e se integre perfeitamente aos ambientes de produ\u00e7\u00e3o existentes.<\/p>"},"state":{"type":"textfield","raw":""},"city":{"type":"textarea","raw":[""]}}},"_links":{"self":[{"href":"https:\/\/www.trustedtranslations.com\/pt-br\/wp-json\/wp\/v2\/pages\/294161","targetHints":{"allow":["GET"]}}],"collection":[{"href":"https:\/\/www.trustedtranslations.com\/pt-br\/wp-json\/wp\/v2\/pages"}],"about":[{"href":"https:\/\/www.trustedtranslations.com\/pt-br\/wp-json\/wp\/v2\/types\/page"}],"author":[{"embeddable":true,"href":"https:\/\/www.trustedtranslations.com\/pt-br\/wp-json\/wp\/v2\/users\/1"}],"replies":[{"embeddable":true,"href":"https:\/\/www.trustedtranslations.com\/pt-br\/wp-json\/wp\/v2\/comments?post=294161"}],"version-history":[{"count":1,"href":"https:\/\/www.trustedtranslations.com\/pt-br\/wp-json\/wp\/v2\/pages\/294161\/revisions"}],"predecessor-version":[{"id":294244,"href":"https:\/\/www.trustedtranslations.com\/pt-br\/wp-json\/wp\/v2\/pages\/294161\/revisions\/294244"}],"up":[{"embeddable":true,"href":"https:\/\/www.trustedtranslations.com\/pt-br\/wp-json\/wp\/v2\/pages\/294119"}],"wp:featuredmedia":[{"embeddable":true,"href":"https:\/\/www.trustedtranslations.com\/pt-br\/wp-json\/wp\/v2\/media\/248063"}],"wp:attachment":[{"href":"https:\/\/www.trustedtranslations.com\/pt-br\/wp-json\/wp\/v2\/media?parent=294161"}],"curies":[{"name":"wp","href":"https:\/\/api.w.org\/{rel}","templated":true}]}}