{"id":294426,"date":"2026-03-18T16:42:30","date_gmt":"2026-03-18T19:42:30","guid":{"rendered":"https:\/\/www.trustedtranslations.com\/?page_id=294426"},"modified":"2026-03-30T11:58:25","modified_gmt":"2026-03-30T14:58:25","slug":"servicos-de-traducao-a-vista","status":"publish","type":"page","link":"https:\/\/www.trustedtranslations.com\/pt-br\/servicos\/interpretacao-no-local\/simultanea\/servicos-de-traducao-a-vista","title":{"rendered":"Servi\u00e7os de tradu\u00e7\u00e3o \u00e0 vista"},"content":{"rendered":"","protected":false},"excerpt":{"rendered":"","protected":false},"author":1,"featured_media":0,"parent":153895,"menu_order":0,"comment_status":"closed","ping_status":"closed","template":"","meta":{"site-sidebar-layout":"default","site-content-layout":"","ast-site-content-layout":"default","site-content-style":"default","site-sidebar-style":"default","ast-global-header-display":"","ast-banner-title-visibility":"","ast-main-header-display":"","ast-hfb-above-header-display":"","ast-hfb-below-header-display":"","ast-hfb-mobile-header-display":"","site-post-title":"","ast-breadcrumbs-content":"","ast-featured-img":"","footer-sml-layout":"","ast-disable-related-posts":"","theme-transparent-header-meta":"default","adv-header-id-meta":"","stick-header-meta":"","header-above-stick-meta":"","header-main-stick-meta":"","header-below-stick-meta":"","astra-migrate-meta-layouts":"set","ast-page-background-enabled":"default","ast-page-background-meta":{"desktop":{"background-color":"var(--ast-global-color-4)","background-image":"","background-repeat":"repeat","background-position":"center center","background-size":"auto","background-attachment":"scroll","background-type":"","background-media":"","overlay-type":"","overlay-color":"","overlay-opacity":"","overlay-gradient":""},"tablet":{"background-color":"","background-image":"","background-repeat":"repeat","background-position":"center center","background-size":"auto","background-attachment":"scroll","background-type":"","background-media":"","overlay-type":"","overlay-color":"","overlay-opacity":"","overlay-gradient":""},"mobile":{"background-color":"","background-image":"","background-repeat":"repeat","background-position":"center center","background-size":"auto","background-attachment":"scroll","background-type":"","background-media":"","overlay-type":"","overlay-color":"","overlay-opacity":"","overlay-gradient":""}},"ast-content-background-meta":{"desktop":{"background-color":"var(--ast-global-color-5)","background-image":"","background-repeat":"repeat","background-position":"center center","background-size":"auto","background-attachment":"scroll","background-type":"","background-media":"","overlay-type":"","overlay-color":"","overlay-opacity":"","overlay-gradient":""},"tablet":{"background-color":"var(--ast-global-color-5)","background-image":"","background-repeat":"repeat","background-position":"center center","background-size":"auto","background-attachment":"scroll","background-type":"","background-media":"","overlay-type":"","overlay-color":"","overlay-opacity":"","overlay-gradient":""},"mobile":{"background-color":"var(--ast-global-color-5)","background-image":"","background-repeat":"repeat","background-position":"center center","background-size":"auto","background-attachment":"scroll","background-type":"","background-media":"","overlay-type":"","overlay-color":"","overlay-opacity":"","overlay-gradient":""}},"footnotes":""},"class_list":["post-294426","page","type-page","status-publish","hentry"],"yoast_head":"<!-- This site is optimized with the Yoast SEO plugin v27.5 - https:\/\/yoast.com\/product\/yoast-seo-wordpress\/ -->\n<title>Servi\u00e7os de tradu\u00e7\u00e3o \u00e0 vista - Trusted Translations, Inc.<\/title>\n<meta name=\"description\" content=\"Tradu\u00e7\u00e3o \u00e0 vista profissional, realizada por int\u00e9rpretes experientes, treinados para reproduzir oralmente e com precis\u00e3o documentos escritos em tempo real.\" \/>\n<meta name=\"robots\" content=\"noindex, nofollow\" \/>\n<meta property=\"og:locale\" content=\"pt_BR\" \/>\n<meta property=\"og:type\" content=\"article\" \/>\n<meta property=\"og:title\" content=\"Servi\u00e7os de tradu\u00e7\u00e3o \u00e0 vista - Trusted Translations, Inc.\" \/>\n<meta property=\"og:description\" content=\"Tradu\u00e7\u00e3o \u00e0 vista profissional, realizada por int\u00e9rpretes experientes, treinados para reproduzir oralmente e com precis\u00e3o documentos escritos em tempo real.\" \/>\n<meta property=\"og:url\" content=\"https:\/\/www.trustedtranslations.com\/pt-br\/servicos\/interpretacao-no-local\/simultanea\/servicos-de-traducao-a-vista\" \/>\n<meta property=\"og:site_name\" content=\"Trusted Translations, Inc.\" \/>\n<meta property=\"article:publisher\" content=\"https:\/\/www.facebook.com\/Trusted.Translations\" \/>\n<meta property=\"article:modified_time\" content=\"2026-03-30T14:58:25+00:00\" \/>\n<meta property=\"og:image\" content=\"https:\/\/www.trustedtranslations.com\/wp-content\/uploads\/2022\/06\/tt-logo-2-1.webp\" \/>\n\t<meta property=\"og:image:width\" content=\"216\" \/>\n\t<meta property=\"og:image:height\" content=\"94\" \/>\n\t<meta property=\"og:image:type\" content=\"image\/webp\" \/>\n<meta name=\"twitter:card\" content=\"summary_large_image\" \/>\n<meta name=\"twitter:site\" content=\"@TrustedT9ns\" \/>\n<script type=\"application\/ld+json\" class=\"yoast-schema-graph\">{\"@context\":\"https:\\\/\\\/schema.org\",\"@graph\":[{\"@type\":\"WebPage\",\"@id\":\"https:\\\/\\\/www.trustedtranslations.com\\\/pt-br\\\/servicos\\\/interpretacao-no-local\\\/simultanea\\\/servicos-de-traducao-a-vista\",\"url\":\"https:\\\/\\\/www.trustedtranslations.com\\\/pt-br\\\/servicos\\\/interpretacao-no-local\\\/simultanea\\\/servicos-de-traducao-a-vista\",\"name\":\"Servi\u00e7os de tradu\u00e7\u00e3o \u00e0 vista - Trusted Translations, Inc.\",\"isPartOf\":{\"@id\":\"https:\\\/\\\/www.trustedtranslations.com\\\/pt-br\\\/#website\"},\"description\":\"Tradu\u00e7\u00e3o \u00e0 vista profissional, realizada por int\u00e9rpretes experientes, treinados para reproduzir oralmente e com precis\u00e3o documentos escritos em tempo real.\",\"breadcrumb\":{\"@id\":\"https:\\\/\\\/www.trustedtranslations.com\\\/pt-br\\\/servicos\\\/interpretacao-no-local\\\/simultanea\\\/servicos-de-traducao-a-vista#breadcrumb\"},\"inLanguage\":\"pt-BR\",\"potentialAction\":[{\"@type\":\"ReadAction\",\"target\":[\"https:\\\/\\\/www.trustedtranslations.com\\\/pt-br\\\/servicos\\\/interpretacao-no-local\\\/simultanea\\\/servicos-de-traducao-a-vista\"]}]},{\"@type\":\"BreadcrumbList\",\"@id\":\"https:\\\/\\\/www.trustedtranslations.com\\\/pt-br\\\/servicos\\\/interpretacao-no-local\\\/simultanea\\\/servicos-de-traducao-a-vista#breadcrumb\",\"itemListElement\":[{\"@type\":\"ListItem\",\"position\":1,\"name\":\"Home\",\"item\":\"https:\\\/\\\/www.trustedtranslations.com\\\/pt-br\"},{\"@type\":\"ListItem\",\"position\":2,\"name\":\"Servi\u00e7os\",\"item\":\"https:\\\/\\\/www.trustedtranslations.com\\\/pt-br\\\/servicos\"},{\"@type\":\"ListItem\",\"position\":3,\"name\":\"Interpreta\u00e7\u00e3o presencial\",\"item\":\"https:\\\/\\\/www.trustedtranslations.com\\\/pt-br\\\/servicos\\\/interpretacao-no-local\"},{\"@type\":\"ListItem\",\"position\":4,\"name\":\"Simult\u00e2nea\",\"item\":\"https:\\\/\\\/www.trustedtranslations.com\\\/pt-br\\\/servicos\\\/interpretacao-no-local\\\/simultanea\"},{\"@type\":\"ListItem\",\"position\":5,\"name\":\"Servi\u00e7os de tradu\u00e7\u00e3o \u00e0 vista\"}]},{\"@type\":\"WebSite\",\"@id\":\"https:\\\/\\\/www.trustedtranslations.com\\\/pt-br\\\/#website\",\"url\":\"https:\\\/\\\/www.trustedtranslations.com\\\/pt-br\\\/\",\"name\":\"Trusted Translations, Inc.\",\"description\":\"Leader in translation and interpretation services.\",\"publisher\":{\"@id\":\"https:\\\/\\\/www.trustedtranslations.com\\\/pt-br\\\/#organization\"},\"alternateName\":\"Trusted Translations\",\"potentialAction\":[{\"@type\":\"SearchAction\",\"target\":{\"@type\":\"EntryPoint\",\"urlTemplate\":\"https:\\\/\\\/www.trustedtranslations.com\\\/pt-br\\\/?s={search_term_string}\"},\"query-input\":{\"@type\":\"PropertyValueSpecification\",\"valueRequired\":true,\"valueName\":\"search_term_string\"}}],\"inLanguage\":\"pt-BR\"},{\"@type\":\"Organization\",\"@id\":\"https:\\\/\\\/www.trustedtranslations.com\\\/pt-br\\\/#organization\",\"name\":\"Trusted Translations\",\"alternateName\":\"Trusted Translations, Inc.\",\"url\":\"https:\\\/\\\/www.trustedtranslations.com\\\/pt-br\\\/\",\"logo\":{\"@type\":\"ImageObject\",\"inLanguage\":\"pt-BR\",\"@id\":\"https:\\\/\\\/www.trustedtranslations.com\\\/pt-br\\\/#\\\/schema\\\/logo\\\/image\\\/\",\"url\":\"https:\\\/\\\/static.trustedtranslations.com\\\/wp-content\\\/uploads\\\/2022\\\/01\\\/TT_logo_WSIColors-2.png\",\"contentUrl\":\"https:\\\/\\\/static.trustedtranslations.com\\\/wp-content\\\/uploads\\\/2022\\\/01\\\/TT_logo_WSIColors-2.png\",\"width\":500,\"height\":196,\"caption\":\"Trusted Translations\"},\"image\":{\"@id\":\"https:\\\/\\\/www.trustedtranslations.com\\\/pt-br\\\/#\\\/schema\\\/logo\\\/image\\\/\"},\"sameAs\":[\"https:\\\/\\\/www.facebook.com\\\/Trusted.Translations\",\"https:\\\/\\\/x.com\\\/TrustedT9ns\",\"https:\\\/\\\/www.linkedin.com\\\/company\\\/trusted-translations\"]}]}<\/script>\n<!-- \/ Yoast SEO plugin. -->","yoast_head_json":{"title":"Servi\u00e7os de tradu\u00e7\u00e3o \u00e0 vista - Trusted Translations, Inc.","description":"Tradu\u00e7\u00e3o \u00e0 vista profissional, realizada por int\u00e9rpretes experientes, treinados para reproduzir oralmente e com precis\u00e3o documentos escritos em tempo real.","robots":{"index":"noindex","follow":"nofollow"},"og_locale":"pt_BR","og_type":"article","og_title":"Servi\u00e7os de tradu\u00e7\u00e3o \u00e0 vista - Trusted Translations, Inc.","og_description":"Tradu\u00e7\u00e3o \u00e0 vista profissional, realizada por int\u00e9rpretes experientes, treinados para reproduzir oralmente e com precis\u00e3o documentos escritos em tempo real.","og_url":"https:\/\/www.trustedtranslations.com\/pt-br\/servicos\/interpretacao-no-local\/simultanea\/servicos-de-traducao-a-vista","og_site_name":"Trusted Translations, Inc.","article_publisher":"https:\/\/www.facebook.com\/Trusted.Translations","article_modified_time":"2026-03-30T14:58:25+00:00","og_image":[{"width":216,"height":94,"url":"https:\/\/www.trustedtranslations.com\/wp-content\/uploads\/2022\/06\/tt-logo-2-1.webp","type":"image\/webp"}],"twitter_card":"summary_large_image","twitter_site":"@TrustedT9ns","schema":{"@context":"https:\/\/schema.org","@graph":[{"@type":"WebPage","@id":"https:\/\/www.trustedtranslations.com\/pt-br\/servicos\/interpretacao-no-local\/simultanea\/servicos-de-traducao-a-vista","url":"https:\/\/www.trustedtranslations.com\/pt-br\/servicos\/interpretacao-no-local\/simultanea\/servicos-de-traducao-a-vista","name":"Servi\u00e7os de tradu\u00e7\u00e3o \u00e0 vista - Trusted Translations, Inc.","isPartOf":{"@id":"https:\/\/www.trustedtranslations.com\/pt-br\/#website"},"description":"Tradu\u00e7\u00e3o \u00e0 vista profissional, realizada por int\u00e9rpretes experientes, treinados para reproduzir oralmente e com precis\u00e3o documentos escritos em tempo real.","breadcrumb":{"@id":"https:\/\/www.trustedtranslations.com\/pt-br\/servicos\/interpretacao-no-local\/simultanea\/servicos-de-traducao-a-vista#breadcrumb"},"inLanguage":"pt-BR","potentialAction":[{"@type":"ReadAction","target":["https:\/\/www.trustedtranslations.com\/pt-br\/servicos\/interpretacao-no-local\/simultanea\/servicos-de-traducao-a-vista"]}]},{"@type":"BreadcrumbList","@id":"https:\/\/www.trustedtranslations.com\/pt-br\/servicos\/interpretacao-no-local\/simultanea\/servicos-de-traducao-a-vista#breadcrumb","itemListElement":[{"@type":"ListItem","position":1,"name":"Home","item":"https:\/\/www.trustedtranslations.com\/pt-br"},{"@type":"ListItem","position":2,"name":"Servi\u00e7os","item":"https:\/\/www.trustedtranslations.com\/pt-br\/servicos"},{"@type":"ListItem","position":3,"name":"Interpreta\u00e7\u00e3o presencial","item":"https:\/\/www.trustedtranslations.com\/pt-br\/servicos\/interpretacao-no-local"},{"@type":"ListItem","position":4,"name":"Simult\u00e2nea","item":"https:\/\/www.trustedtranslations.com\/pt-br\/servicos\/interpretacao-no-local\/simultanea"},{"@type":"ListItem","position":5,"name":"Servi\u00e7os de tradu\u00e7\u00e3o \u00e0 vista"}]},{"@type":"WebSite","@id":"https:\/\/www.trustedtranslations.com\/pt-br\/#website","url":"https:\/\/www.trustedtranslations.com\/pt-br\/","name":"Trusted Translations, Inc.","description":"Leader in translation and interpretation services.","publisher":{"@id":"https:\/\/www.trustedtranslations.com\/pt-br\/#organization"},"alternateName":"Trusted Translations","potentialAction":[{"@type":"SearchAction","target":{"@type":"EntryPoint","urlTemplate":"https:\/\/www.trustedtranslations.com\/pt-br\/?s={search_term_string}"},"query-input":{"@type":"PropertyValueSpecification","valueRequired":true,"valueName":"search_term_string"}}],"inLanguage":"pt-BR"},{"@type":"Organization","@id":"https:\/\/www.trustedtranslations.com\/pt-br\/#organization","name":"Trusted Translations","alternateName":"Trusted Translations, Inc.","url":"https:\/\/www.trustedtranslations.com\/pt-br\/","logo":{"@type":"ImageObject","inLanguage":"pt-BR","@id":"https:\/\/www.trustedtranslations.com\/pt-br\/#\/schema\/logo\/image\/","url":"https:\/\/static.trustedtranslations.com\/wp-content\/uploads\/2022\/01\/TT_logo_WSIColors-2.png","contentUrl":"https:\/\/static.trustedtranslations.com\/wp-content\/uploads\/2022\/01\/TT_logo_WSIColors-2.png","width":500,"height":196,"caption":"Trusted Translations"},"image":{"@id":"https:\/\/www.trustedtranslations.com\/pt-br\/#\/schema\/logo\/image\/"},"sameAs":["https:\/\/www.facebook.com\/Trusted.Translations","https:\/\/x.com\/TrustedT9ns","https:\/\/www.linkedin.com\/company\/trusted-translations"]}]}},"toolset-meta":{"dyk":{"mensaje-1":{"type":"textfield","raw":"A tradu\u00e7\u00e3o \u00e0 vista \u00e9 normalmente usada em tribunais quando advogados ou ju\u00edzes precisam compreender imediatamente provas escritas em outro idioma."},"mensaje-2":{"type":"textfield","raw":"Em contextos m\u00e9dicos, a tradu\u00e7\u00e3o \u00e0 vista ajuda os profissionais de sa\u00fade a revisar rapidamente formul\u00e1rios de consentimento ou documentos de pacientes durante as consultas."},"mensaje-3":{"type":"textfield","raw":"Diferentemente da tradu\u00e7\u00e3o escrita, a tradu\u00e7\u00e3o \u00e0 vista \u00e9 feita oralmente e exige excepcional compreens\u00e3o de leitura e agilidade verbal."},"mensaje-4":{"type":"textfield","raw":"A tradu\u00e7\u00e3o \u00e0 vista \u00e9 frequentemente integrada em servi\u00e7os de interpreta\u00e7\u00e3o presenciais ou remotos para facilitar a comunica\u00e7\u00e3o multil\u00edngue."},"mensaje-5":{"type":"textfield","raw":""},"mensaje-6":{"type":"textfield","raw":""}},"single-page-template-fields":{"imgs-temp":{"type":"image","raw":["https:\/\/www.trustedtranslations.com\/wp-content\/uploads\/2026\/03\/sight.webp"],"repeatable":[{"raw":"https:\/\/www.trustedtranslations.com\/wp-content\/uploads\/2026\/03\/sight.webp","attachment_id":293939}]},"imgs-temp-cel":{"type":"image","raw":[""],"repeatable":[{"raw":""}]},"img-temp-one-cel":{"type":"image","raw":"","attachment_id":null},"quotes":{"type":"textarea","raw":"<h1 style=\"margin-bottom: 12px;\">Servi\u00e7os de tradu\u00e7\u00e3o \u00e0 vista<\/h1>A Trusted Translations oferece servi\u00e7os profissionais de tradu\u00e7\u00e3o \u00e0 vista, realizados por int\u00e9rpretes experientes e treinados, para reproduzir oralmente e com precis\u00e3o documentos escritos em tempo real. A tradu\u00e7\u00e3o \u00e0 vista \u00e9 ideal quando um texto escrito precisa ser compreendido imediatamente por uma ou mais pessoas em outro idioma\u2014sem a demora de uma tradu\u00e7\u00e3o escrita completa.<div style=\"margin-top: 2.5vw;\"><a class=\"tt-btn-main-cta\" href=\"\/pt-br\/solicitud-orcamento\">Solicite um or\u00e7amento gratuito<\/a><\/div>"},"text-1":{"type":"textarea","raw":"<h2 style=\"margin-top: -10px\">Tradutores profissionais para tradu\u00e7\u00e3o \u00e0 vista <\/h2>\r\nA tradu\u00e7\u00e3o \u00e0 vista exige mais do que flu\u00eancia. Exige a capacidade de compreender instantaneamente um material escrito e de apresentar uma vers\u00e3o oral clara e precisa em outro idioma\u2014muitas vezes em situa\u00e7\u00f5es de grande import\u00e2ncia. \r\n\r\nA Trusted Translations trabalha com linguistas em mais de 200 idiomas e dialetos, cuidadosamente selecionados por seu treinamento, experi\u00eancia e dom\u00ednio de terminologia especializada. Nossos profissionais realizam regularmente tradu\u00e7\u00f5es \u00e0 vista em contextos jur\u00eddicos, m\u00e9dicos, comerciais e governamentais, onde a precis\u00e3o \u00e9 fundamental. \r\n\r\nAssim como em todos os nossos servi\u00e7os, seguimos padr\u00f5es rigorosos de confidencialidade, profissionalismo e garantia de qualidade. \r\n\r\nA Trusted Translations atende a mais de 5.000 clientes em todo o mundo, incluindo grandes empresas, escrit\u00f3rios de advocacia, institui\u00e7\u00f5es de sa\u00fade e ag\u00eancias do governo. Nossos servi\u00e7os de tradu\u00e7\u00e3o \u00e0 vista foram concebidos para facilitar a comunica\u00e7\u00e3o em tempo real quando a clareza \u00e9 fundamental."},"shortcode-map":{"type":"textfield","raw":""},"dyk-shortcode":{"type":"textfield","raw":"[elementor-template id=\"139229\"]"},"text-2":{"type":"textarea","raw":"<h2>O que \u00e9 a tradu\u00e7\u00e3o \u00e0 vista?<\/h2>\r\nA tradu\u00e7\u00e3o \u00e0 vista \u00e9 o processo de ler um documento escrito em um idioma e reproduzir oralmente seu conte\u00fado em outro idioma em tempo real. Ela faz a ponte entre a comunica\u00e7\u00e3o escrita e a oral, permitindo a compreens\u00e3o imediata sem a necessidade de produzir um documento traduzido por escrito.\r\n\r\nEste servi\u00e7o \u00e9 frequentemente utilizado em processos judiciais, entrevistas de imigra\u00e7\u00e3o, consultas m\u00e9dicas, auditorias, revis\u00f5es de conformidade e negocia\u00e7\u00f5es comerciais. Quando documentos como contratos, declara\u00e7\u00f5es juramentadas, laudos m\u00e9dicos, registros de identifica\u00e7\u00e3o ou ap\u00f3lices de seguro precisam ser analisados na hora, a tradu\u00e7\u00e3o \u00e0 vista oferece uma solu\u00e7\u00e3o pr\u00e1tica e eficiente.\r\n\r\nEmbora possa parecer simples, a tradu\u00e7\u00e3o \u00e0 vista exige habilidades cognitivas avan\u00e7adas. O(A) linguista deve:\r\n  <ul>\r\n    <li>Analisar rapidamente o conte\u00fado escrito<\/li>\r\n    <li>Interpretar seu significado com precis\u00e3o<\/li>\r\n    <li>Fazer uma apresenta\u00e7\u00e3o oral clara<\/li>\r\n    <li>Manter o tom, a inten\u00e7\u00e3o e a precis\u00e3o t\u00e9cnica<\/li>\r\n  <\/ul>\r\n\r\nPor causa dessas exig\u00eancias, a Trusted Translations designa apenas int\u00e9rpretes altamente qualificados e com experi\u00eancia comprovada em ambientes de alta press\u00e3o.\r\n\r\n<h2>Quando usar a tradu\u00e7\u00e3o \u00e0 vista<\/h2>\r\n\r\nA tradu\u00e7\u00e3o \u00e0 vista \u00e9 particularmente eficaz quando:\r\n\r\n  <ul>\r\n    <li>Um documento escrito deva ser compreendido imediatamente<\/li>\r\n    <li>N\u00e3o for pr\u00e1tico produzir uma tradu\u00e7\u00e3o escrita completa<\/li>\r\n    <li>O documento tiver um tamanho que varia de curto a m\u00e9dio<\/li>\r\n    <li>O contexto envolver revis\u00e3o jur\u00eddica, m\u00e9dica ou administrativa<\/li>\r\n    <li>Uma reuni\u00e3o multil\u00edngue exigir esclarecimentos sobre os materiais escritos<\/li>\r\n  <\/ul>\r\n\r\nEla pode ser fornecida como um servi\u00e7o independente ou combinada com interpreta\u00e7\u00e3o presencial para um suporte lingu\u00edstico completo.\r\n\r\nDe tribunais e hospitais a salas de reuni\u00f5es corporativas e ag\u00eancias do governo, a Trusted Translations oferece servi\u00e7os profissionais de tradu\u00e7\u00e3o \u00e0 vista que garantem uma comunica\u00e7\u00e3o precisa quando o tempo e a exatid\u00e3o forem cruciais."},"state":{"type":"textfield","raw":""},"city":{"type":"textarea","raw":[""]}}},"_links":{"self":[{"href":"https:\/\/www.trustedtranslations.com\/pt-br\/wp-json\/wp\/v2\/pages\/294426","targetHints":{"allow":["GET"]}}],"collection":[{"href":"https:\/\/www.trustedtranslations.com\/pt-br\/wp-json\/wp\/v2\/pages"}],"about":[{"href":"https:\/\/www.trustedtranslations.com\/pt-br\/wp-json\/wp\/v2\/types\/page"}],"author":[{"embeddable":true,"href":"https:\/\/www.trustedtranslations.com\/pt-br\/wp-json\/wp\/v2\/users\/1"}],"replies":[{"embeddable":true,"href":"https:\/\/www.trustedtranslations.com\/pt-br\/wp-json\/wp\/v2\/comments?post=294426"}],"version-history":[{"count":3,"href":"https:\/\/www.trustedtranslations.com\/pt-br\/wp-json\/wp\/v2\/pages\/294426\/revisions"}],"predecessor-version":[{"id":294784,"href":"https:\/\/www.trustedtranslations.com\/pt-br\/wp-json\/wp\/v2\/pages\/294426\/revisions\/294784"}],"up":[{"embeddable":true,"href":"https:\/\/www.trustedtranslations.com\/pt-br\/wp-json\/wp\/v2\/pages\/153895"}],"wp:attachment":[{"href":"https:\/\/www.trustedtranslations.com\/pt-br\/wp-json\/wp\/v2\/media?parent=294426"}],"curies":[{"name":"wp","href":"https:\/\/api.w.org\/{rel}","templated":true}]}}